{"id":259,"date":"2015-11-09T14:48:04","date_gmt":"2015-11-09T13:48:04","guid":{"rendered":"https:\/\/www.elenacrespi.com\/es\/?page_id=259"},"modified":"2023-12-31T11:32:05","modified_gmt":"2023-12-31T10:32:05","slug":"contacto","status":"publish","type":"page","link":"https:\/\/www.elenacrespi.com\/es\/contacto\/","title":{"rendered":"Contacto"},"content":{"rendered":"<!--themify_builder_content-->\n<div id=\"themify_builder_content-259\" data-postid=\"259\" class=\"themify_builder_content themify_builder_content-259 themify_builder tf_clear\">\n    \t\t\t\t<!-- module_row -->\n\t\t<div  data-desktop-padding=\"4%,4%\" data-anchor=\"content\" data-css_id=\"hbib342\" data-lazy=\"1\" class=\"module_row themify_builder_row fullwidth_row_container tb_has_section tb_section-content tb_hbib342 tb_first tf_w tf_clearfix\">\n\t\t\t\t\t<div class=\"row_inner col_align_top tb_col_count_2 tf_box tf_rel\">\n\t\t\t\t\t<div  data-lazy=\"1\" class=\"module_column tb-column col4-2 tb_yyxk343 first\">\n\t\t\t\t\t\t\t\t\t<div class=\"tb-column-inner tf_box tf_w\">\n\t\t\t\t<!-- module text -->\n<div  class=\"module module-text tb_oggw343   \" data-lazy=\"1\">\n        <div  class=\"tb_text_wrap\">\n    <h2>Soy Elena <br>Crespi Asensio<\/h2>    <\/div>\n<\/div>\n<!-- \/module text --><!-- module text -->\n<div  class=\"module module-text tb_04z4344   \" data-lazy=\"1\">\n        <div  class=\"tb_text_wrap\">\n    <p>Psic\u00f3loga general sanitaria<br>Col. 14736<\/p>    <\/div>\n<\/div>\n<!-- \/module text -->\t\t\t\t<\/div><!-- .tb-column-inner -->\n\t\t\t\t\t\t<\/div><!-- .module_column -->\n\t\t\t\t\t<div  data-lazy=\"1\" class=\"module_column tb-column col4-2 tb_yxxd344 last\">\n\t\t\t\t\t\t\t\t\t<div class=\"tb-column-inner tf_box tf_w\">\n\t\t\t\t<!-- module text -->\n<div  class=\"module module-text tb_qke9344   \" data-lazy=\"1\">\n        <div  class=\"tb_text_wrap\">\n    <p>Soy psic\u00f3loga y soy de Torell\u00f3. Estoy especializada en terapia de pareja, sexolog\u00eda, terapia familiar y psicolog\u00eda perinatal.<\/p>    <\/div>\n<\/div>\n<!-- \/module text -->\t\t\t\t<\/div><!-- .tb-column-inner -->\n\t\t\t\t\t\t<\/div><!-- .module_column -->\n\t\t\t\t\t\t<\/div><!-- .row_inner -->\n\t\t<\/div><!-- .module_row -->\n\t\t\t\t\t\t\t\t<!-- module_row -->\n\t\t<div  data-desktop-padding=\"4%,4%\" data-css_id=\"hwfl342\" data-lazy=\"1\" class=\"module_row themify_builder_row fullwidth_row_container tb_hwfl342 tf_w tf_clearfix\">\n\t\t\t\t\t<div class=\"row_inner col_align_top tb_col_count_2 tf_box tf_rel\">\n\t\t\t\t\t<div  data-lazy=\"1\" class=\"module_column tb-column col4-2 tb_i5c7345 first\">\n\t\t\t\t\t\t\t\t\t<div class=\"tb-column-inner tf_box tf_w\">\n\t\t\t\t<!-- module text -->\n<div  class=\"module module-text tb_y7q9345   \" data-lazy=\"1\">\n        <div  class=\"tb_text_wrap\">\n    <h2>Online<\/h2>\n<h3>Desde mi Taller<\/h3>\n<p>&#8230; o desde donde est\u00e9!<br>Puedes pedir hora de visita al <br>620 18 30 80 o a <a href=\"mailto:info@elenacrespi.com\">info@elenacrespi.com<\/a><\/p>\n<p>Desde antes de 2020 ya hac\u00eda algunas visitas en formato online. Desde eentonces, todas las visitas las hago online y estoy muy contenta con el resultado.<\/p>\n<p>Hay. quien, para evitar otros gastos y desplazamientos, elige el formato online como el prioritario. Y, ahora mismo, es el \u00fanico formato en el qu hago visitas cl\u00ednicas.<\/p>\n<p>Online en mi tiempo como profesional aut\u00f3noma puedo atender los martes por la ma\u00f1ana de 9 a 13 horas.<\/p>\n<p>\u00a0<\/p>    <\/div>\n<\/div>\n<!-- \/module text -->\t\t\t\t<\/div><!-- .tb-column-inner -->\n\t\t\t\t\t\t<\/div><!-- .module_column -->\n\t\t\t\t\t<div  data-lazy=\"1\" class=\"module_column tb-column col4-2 tb_8snm346 last\">\n\t\t\t\t\t\t\t\t\t<div class=\"tb-column-inner tf_box tf_w\">\n\t\t\t\t<!-- module text -->\n<div  class=\"module module-text tb_e067346   \" data-lazy=\"1\">\n        <div  class=\"tb_text_wrap\">\n    <h2>Barcelona<\/h2>\n<h3><strong>NUA clinic &#8211; formato online<\/strong><\/h3>\n<p>C. Val\u00e8ncia, 263, 3-1 (entre Passeig de Gr\u00e0cia i Pau Claris)<br>Puede pedir hora de visita al<br>620 18 30 80 o a<a href=\"mailto:info@elenacrespi.com\"> info@elenacrespi.com<\/a><\/p>\n<p>Los mi\u00e9rcoles podr\u00e9is encontrarme visitando de las 9 hasta las 15 horas! Lo hago en formato online.<\/p>\n<p>NUA clinic es un espacio acogedor, c\u00e9ntrico y multidisciplinar, para acompa\u00f1ar y guiar a aquellas personas que me lo soliciten y que lo necesiten. Y desde la pantalla logramos el mismo ambiente.<\/p>    <\/div>\n<\/div>\n<!-- \/module text -->\t\t\t\t<\/div><!-- .tb-column-inner -->\n\t\t\t\t\t\t<\/div><!-- .module_column -->\n\t\t\t\t\t\t<\/div><!-- .row_inner -->\n\t\t<\/div><!-- .module_row -->\n\t\t\t\t\t\t\t\t<!-- module_row -->\n\t\t<div  data-desktop-padding=\"4%,4%\" data-css_id=\"m02w342\" data-lazy=\"1\" class=\"module_row themify_builder_row fullwidth_row_container tb_m02w342 tf_w tf_clearfix\">\n\t\t\t\t\t<div class=\"row_inner col_align_top tb_col_count_1 tf_box tf_rel\">\n\t\t\t\t\t<div  data-lazy=\"1\" class=\"module_column tb-column col-full tb_ydcn346 first\">\n\t\t\t\t\t\t\t\t\t<div class=\"tb-column-inner tf_box tf_w\">\n\t\t\t\t<!-- module text -->\n<div  class=\"module module-text tb_n92d346   \" data-lazy=\"1\">\n        <div  class=\"tb_text_wrap\">\n    <p>La\u00a0visita individual\u00a0cuesta 70 euros.<br>Si es en pareja, 90 euros.<br>Cada sesi\u00f3n de terapia tiene una duraci\u00f3n de 55 minutos, aproximadamente.<\/p>    <\/div>\n<\/div>\n<!-- \/module text -->\t\t\t\t<\/div><!-- .tb-column-inner -->\n\t\t\t\t\t\t<\/div><!-- .module_column -->\n\t\t\t\t\t\t<\/div><!-- .row_inner -->\n\t\t<\/div><!-- .module_row -->\n\t\t\t\t\t\t\t\t<!-- module_row -->\n\t\t<div  data-desktop-padding=\"4%,4%\" data-css_id=\"689b342\" data-lazy=\"1\" class=\"module_row themify_builder_row fullwidth_row_container tb_689b342 tf_w tf_clearfix\">\n\t\t\t\t\t<div class=\"row_inner col_align_top tb_col_count_1 tf_box tf_rel\">\n\t\t\t\t\t<div  data-lazy=\"1\" class=\"module_column tb-column col-full tb_n31x347 first\">\n\t\t\t\t\t\t\t\t\t<div class=\"tb-column-inner tf_box tf_w\">\n\t\t\t\t<!-- module text -->\n<div  class=\"module module-text tb_mnt4347   \" data-lazy=\"1\">\n        <div  class=\"tb_text_wrap\">\n    <h2>Mi trayectoria profesional<\/h2>    <\/div>\n<\/div>\n<!-- \/module text -->\t\t<div  data-lazy=\"1\" class=\"module_subrow themify_builder_sub_row tb_zgu5347 tf_w tf_clearfix\">\n\t\t\t\t\t<div class=\"subrow_inner col_align_top tb_col_count_2 tf_box tf_w\">\n\t\t\t\t\t<div  data-lazy=\"1\" class=\"module_column sub_column col3-2 tb_nmmu347 first\">\n\t\t\t\t\t\t\t\t\t<div class=\"tb-column-inner tf_box tf_w\">\n\t\t\t\t<!-- module text -->\n<div  class=\"module module-text tb_jo75347   \" data-lazy=\"1\">\n        <div  class=\"tb_text_wrap\">\n    <div>Descubr\u00ed la sexolog\u00eda y la terapia de pareja gracias a una asignatura de la licenciatura de psicolog\u00eda: Psicolog\u00eda de la Sexualidad. Desde ese momento tuve claro que quer\u00eda especializarme en sexualidad y pareja. Desde 2005 trabajo en este \u00e1mbito.<\/div>\n<div>\u00a0<\/div>\n<div>En 2016 construimos <a href=\"http:\/\/merakia.cat\/\" target=\"_blank\" rel=\"noopener\">Merakia<\/a> (un espacio maravilloso que puedes encontrar en Vic) que es donde he visitado hasta 2023. Y en 2019 me un\u00ed a un proyecto que me hizo una ilusi\u00f3n tremenda :\u00a0<a href=\"https:\/\/nuaclinic.es\/esp\/\" target=\"_blank\" rel=\"noopener\">Nua Clinic<\/a>. Reencontrarme con mis antiguas compa\u00f1eras Helena Angel y Carlota Portabella es un regalo.<\/div>\n<div>\u00a0<\/div>\n<div>Desde el principio de mi trayectoria profesional he combinado el espacio m\u00e1s cl\u00ednico con la docencia y la divulgaci\u00f3n a trav\u00e9s de medios de comunicaci\u00f3n, charlas y libros. \u00a1Mi trabajo queda bien repartido y as\u00ed me enriquece m\u00e1s!<\/div>\n<div>\u00a0<\/div>\n<p>Si lo deseas, puedes consultar mi CV.<\/p>    <\/div>\n<\/div>\n<!-- \/module text --><!-- module buttons -->\n<div  class=\"module module-buttons tb_un7u347 buttons-horizontal solid  circle\" data-lazy=\"1\">\n\t\t<div class=\"module-buttons-item tf_inline_b\">\n\t\t\t\t\t\t<a href=\"https:\/\/www.linkedin.com\/in\/elena-crespi-asensio-61869837\/\" class=\"ui builder_button tb_default_color\" target=\"_blank\" rel=\"noopener\">\n\t\t\t\t\t\t\t\t<em class=\"tf_inline_b tf_vmiddle\"><svg  class=\"tf_fa tf-ti-eye\" aria-hidden=\"true\"><use href=\"#tf-ti-eye\"><\/use><\/svg><\/em>\t\t\t\t\t\t\t<span class=\"tf_inline_b tf_vmiddle\">CV<\/span>\n\t\t\t\t\t\t\t\t\t\t\t\t<\/a>\n\t\t\t\t\t\t<\/div>\n\t\t\t<\/div>\n<!-- \/module buttons -->\n\t\t\t\t<\/div><!-- .tb-column-inner -->\n\t\t\t\t\t\t<\/div><!-- .module_column -->\n\t\t\t\t\t<div  data-lazy=\"1\" class=\"module_column sub_column col3-1 tb_vghd347 last\">\n\t\t\t\t\t\t\t<\/div><!-- .module_column -->\n\t\t\t\t\t\t<\/div><!-- .subrow_inner -->\n\t\t<\/div><!-- .themify_builder_sub_row -->\n\t\t\t\t\t\t\t\t<\/div><!-- .tb-column-inner -->\n\t\t\t\t\t\t<\/div><!-- .module_column -->\n\t\t\t\t\t\t<\/div><!-- .row_inner -->\n\t\t<\/div><!-- .module_row -->\n\t\t\t\t\t\t\t\t<!-- module_row -->\n\t\t<div  data-desktop-padding=\"4%,4%\" data-css_id=\"0xj8342\" data-lazy=\"1\" class=\"module_row themify_builder_row fullwidth_row_container tb_0xj8342 tf_w tf_clearfix\">\n\t\t\t\t\t<div class=\"row_inner col_align_top tb_col_count_1 tf_box tf_rel\">\n\t\t\t\t\t<div  data-lazy=\"1\" class=\"module_column tb-column col-full tb_bd8d348 first\">\n\t\t\t\t\t\t\t\t\t<div class=\"tb-column-inner tf_box tf_w\">\n\t\t\t\t<!-- module text -->\n<div  class=\"module module-text tb_ys90348   \" data-lazy=\"1\">\n        <div  class=\"tb_text_wrap\">\n    <h2>Qu\u00e9 formaci\u00f3n tengo<\/h2>    <\/div>\n<\/div>\n<!-- \/module text -->\t\t<div  data-lazy=\"1\" class=\"module_subrow themify_builder_sub_row tb_6nx5348 tf_w tf_clearfix\">\n\t\t\t\t\t<div class=\"subrow_inner col_align_top tb_col_count_1 tf_box tf_w\">\n\t\t\t\t\t<div  data-lazy=\"1\" class=\"module_column sub_column col-full tb_71l2348 first\">\n\t\t\t\t\t\t\t\t\t<div class=\"tb-column-inner tf_box tf_w\">\n\t\t\t\t<!-- module text -->\n<div  class=\"module module-text tb_nor9348  repeat \" data-lazy=\"1\">\n        <div  class=\"tb_text_wrap\">\n    <h4>Para poder especializarme he cursado diferentes m\u00e1sters y posgrados, como:<\/h4>\n<p>M\u00e1ster en Sexolog\u00eda cl\u00ednica y salud sexual (UdL)<br>M\u00e1ster en Terapia sexual y de pareja (UB)<br>Curso de extensi\u00f3n universitaria en Psicolog\u00eda Perinatal (URV)<br>M\u00e1ster en Terapia familiar<br>Perspectiva sist\u00e9mica e integradora (UdG)<br>Postgrado en Terapia de pareja (UdG)<br>Postgrado en Terapia breve estrat\u00e9gica (UdG)<br>Postgrado en Psicoterapia integradora (UdG)<\/p>    <\/div>\n<\/div>\n<!-- \/module text -->\t\t\t\t<\/div><!-- .tb-column-inner -->\n\t\t\t\t\t\t<\/div><!-- .module_column -->\n\t\t\t\t\t\t<\/div><!-- .subrow_inner -->\n\t\t<\/div><!-- .themify_builder_sub_row -->\n\t\t\t\t\t\t\t\t<\/div><!-- .tb-column-inner -->\n\t\t\t\t\t\t<\/div><!-- .module_column -->\n\t\t\t\t\t\t<\/div><!-- .row_inner -->\n\t\t<\/div><!-- .module_row -->\n\t\t\t\t<\/div>\n<!--\/themify_builder_content-->","protected":false},"excerpt":{"rendered":"<p>Soy Elena Crespi Asensio Psic\u00f3loga general sanitariaCol. 14736 Soy psic\u00f3loga y soy de Torell\u00f3. Estoy especializada en terapia de pareja, sexolog\u00eda, terapia familiar y psicolog\u00eda perinatal. Online Desde mi Taller &#8230; o desde donde est\u00e9!Puedes pedir hora de visita al 620 18 30 80 o a info@elenacrespi.com Desde antes de 2020 ya hac\u00eda algunas visitas [&hellip;]<\/p>\n","protected":false},"author":1,"featured_media":0,"parent":0,"menu_order":7,"comment_status":"closed","ping_status":"closed","template":"","meta":[],"acf":[],"builder_content":"<h2>Soy Elena <br>Crespi Asensio<\/h2>\n<p>Psic\u00f3loga general sanitaria<br>Col. 14736<\/p>\n<p>Soy psic\u00f3loga y soy de Torell\u00f3. Estoy especializada en terapia de pareja, sexolog\u00eda, terapia familiar y psicolog\u00eda perinatal.<\/p>\n<h2>Online<\/h2> <h3>Desde mi Taller<\/h3> <p>... o desde donde est\u00e9!<br>Puedes pedir hora de visita al <br>620 18 30 80 o a <a href=\"mailto:info@elenacrespi.com\">info@elenacrespi.com<\/a><\/p> <p>Desde antes de 2020 ya hac\u00eda algunas visitas en formato online. Desde eentonces, todas las visitas las hago online y estoy muy contenta con el resultado.<\/p> <p>Hay. quien, para evitar otros gastos y desplazamientos, elige el formato online como el prioritario. Y, ahora mismo, es el \u00fanico formato en el qu hago visitas cl\u00ednicas.<\/p> <p>Online en mi tiempo como profesional aut\u00f3noma puedo atender los martes por la ma\u00f1ana de 9 a 13 horas.<\/p> <p>\u00a0<\/p>\n<h2>Barcelona<\/h2> <h3><strong>NUA clinic - formato online<\/strong><\/h3> <p>C. Val\u00e8ncia, 263, 3-1 (entre Passeig de Gr\u00e0cia i Pau Claris)<br>Puede pedir hora de visita al<br>620 18 30 80 o a<a href=\"mailto:info@elenacrespi.com\"> info@elenacrespi.com<\/a><\/p> <p>Los mi\u00e9rcoles podr\u00e9is encontrarme visitando de las 9 hasta las 15 horas! Lo hago en formato online.<\/p> <p>NUA clinic es un espacio acogedor, c\u00e9ntrico y multidisciplinar, para acompa\u00f1ar y guiar a aquellas personas que me lo soliciten y que lo necesiten. Y desde la pantalla logramos el mismo ambiente.<\/p>\n<p>La\u00a0visita individual\u00a0cuesta 70 euros.<br>Si es en pareja, 90 euros.<br>Cada sesi\u00f3n de terapia tiene una duraci\u00f3n de 55 minutos, aproximadamente.<\/p>\n<h2>Mi trayectoria profesional<\/h2>\nDescubr\u00ed la sexolog\u00eda y la terapia de pareja gracias a una asignatura de la licenciatura de psicolog\u00eda: Psicolog\u00eda de la Sexualidad. Desde ese momento tuve claro que quer\u00eda especializarme en sexualidad y pareja. Desde 2005 trabajo en este \u00e1mbito. \u00a0 En 2016 construimos <a href=\"http:\/\/merakia.cat\/\" target=\"_blank\" rel=\"noopener\">Merakia<\/a> (un espacio maravilloso que puedes encontrar en Vic) que es donde he visitado hasta 2023. Y en 2019 me un\u00ed a un proyecto que me hizo una ilusi\u00f3n tremenda :\u00a0<a href=\"https:\/\/nuaclinic.es\/esp\/\" target=\"_blank\" rel=\"noopener\">Nua Clinic<\/a>. Reencontrarme con mis antiguas compa\u00f1eras Helena Angel y Carlota Portabella es un regalo. \u00a0 Desde el principio de mi trayectoria profesional he combinado el espacio m\u00e1s cl\u00ednico con la docencia y la divulgaci\u00f3n a trav\u00e9s de medios de comunicaci\u00f3n, charlas y libros. \u00a1Mi trabajo queda bien repartido y as\u00ed me enriquece m\u00e1s! \u00a0 <p>Si lo deseas, puedes consultar mi CV.<\/p>\n<a href=\"https:\/\/www.linkedin.com\/in\/elena-crespi-asensio-61869837\/\" target=\"_blank\" rel=\"noopener\"> <em><svg aria-hidden=\"true\"><use href=\"#tf-ti-eye\"><\/use><\/svg><\/em> CV <\/a>\n<h2>Qu\u00e9 formaci\u00f3n tengo<\/h2>\n<h4>Para poder especializarme he cursado diferentes m\u00e1sters y posgrados, como:<\/h4> <p>M\u00e1ster en Sexolog\u00eda cl\u00ednica y salud sexual (UdL)<br>M\u00e1ster en Terapia sexual y de pareja (UB)<br>Curso de extensi\u00f3n universitaria en Psicolog\u00eda Perinatal (URV)<br>M\u00e1ster en Terapia familiar<br>Perspectiva sist\u00e9mica e integradora (UdG)<br>Postgrado en Terapia de pareja (UdG)<br>Postgrado en Terapia breve estrat\u00e9gica (UdG)<br>Postgrado en Psicoterapia integradora (UdG)<\/p>","_links":{"self":[{"href":"https:\/\/www.elenacrespi.com\/es\/wp-json\/wp\/v2\/pages\/259"}],"collection":[{"href":"https:\/\/www.elenacrespi.com\/es\/wp-json\/wp\/v2\/pages"}],"about":[{"href":"https:\/\/www.elenacrespi.com\/es\/wp-json\/wp\/v2\/types\/page"}],"author":[{"embeddable":true,"href":"https:\/\/www.elenacrespi.com\/es\/wp-json\/wp\/v2\/users\/1"}],"replies":[{"embeddable":true,"href":"https:\/\/www.elenacrespi.com\/es\/wp-json\/wp\/v2\/comments?post=259"}],"version-history":[{"count":7,"href":"https:\/\/www.elenacrespi.com\/es\/wp-json\/wp\/v2\/pages\/259\/revisions"}],"predecessor-version":[{"id":4969,"href":"https:\/\/www.elenacrespi.com\/es\/wp-json\/wp\/v2\/pages\/259\/revisions\/4969"}],"wp:attachment":[{"href":"https:\/\/www.elenacrespi.com\/es\/wp-json\/wp\/v2\/media?parent=259"}],"curies":[{"name":"wp","href":"https:\/\/api.w.org\/{rel}","templated":true}]}}