{"id":3355,"date":"2022-07-26T10:57:40","date_gmt":"2022-07-26T08:57:40","guid":{"rendered":"https:\/\/www.elenacrespi.com\/espai-clinic\/"},"modified":"2022-11-02T21:25:31","modified_gmt":"2022-11-02T20:25:31","slug":"espacio-clinico","status":"publish","type":"page","link":"https:\/\/www.elenacrespi.com\/es\/espacio-clinico\/","title":{"rendered":"Espacio cl\u00ednico"},"content":{"rendered":"<!--themify_builder_content-->\n<div id=\"themify_builder_content-3355\" data-postid=\"3355\" class=\"themify_builder_content themify_builder_content-3355 themify_builder tf_clear\">\n    \t\t\t\t<!-- module_row -->\n\t\t<div  data-desktop-padding=\"4%,4%\" data-anchor=\"content\" data-css_id=\"szzk21\" data-lazy=\"1\" class=\"module_row themify_builder_row fullwidth_row_container tb_has_section tb_section-content tb_szzk21 tb_first tf_w tf_clearfix\">\n\t\t\t\t\t<div class=\"row_inner col_align_top tb_col_count_1 tf_box tf_rel\">\n\t\t\t\t\t<div  data-lazy=\"1\" class=\"module_column tb-column col-full tb_vybf23 first\">\n\t\t\t\t\t\t\t\t\t<div class=\"tb-column-inner tf_box tf_w\">\n\t\t\t\t\t\t<div  data-lazy=\"1\" class=\"module_subrow themify_builder_sub_row tb_arpo23 tf_w tf_clearfix\">\n\t\t\t\t\t<div class=\"subrow_inner col_align_top tb_col_count_2 tf_box tf_w\">\n\t\t\t\t\t<div  data-lazy=\"1\" class=\"module_column sub_column col2-1 tb_5ego23 first\">\n\t\t\t\t\t\t\t\t\t<div class=\"tb-column-inner tf_box tf_w\">\n\t\t\t\t<!-- module text -->\n<div  class=\"module module-text tb_iixv24   \" data-lazy=\"1\">\n        <div  class=\"tb_text_wrap\">\n    <h2>Espacio cl\u00ednico<\/h2>    <\/div>\n<\/div>\n<!-- \/module text -->\t\t\t\t<\/div><!-- .tb-column-inner -->\n\t\t\t\t\t\t<\/div><!-- .module_column -->\n\t\t\t\t\t<div  data-lazy=\"1\" class=\"module_column sub_column col2-1 tb_owdn24 last\">\n\t\t\t\t\t\t\t\t\t<div class=\"tb-column-inner tf_box tf_w\">\n\t\t\t\t<!-- module text -->\n<div  class=\"module module-text tb_2svo24   \" data-lazy=\"1\">\n        <div  class=\"tb_text_wrap\">\n    <p>Ya de adolescente me sent\u00ed atra\u00edda por la psicolog\u00eda. Mientras estudiaba la licenciatura descubr\u00ed el mundo de la sexolog\u00eda y la terapia de pareja. M\u00e1s adelante me adentr\u00e9 en la psicolog\u00eda perinatal.<br><br>Y desde hace a\u00f1os trabajo desde la perspectiva feminista. No puedo ni quiero evitarlo. Crecemos aprendiendo el funcionamiento de un mundo que se rige por unas normas patriarcales que establecen los privilegios de unos hacia las opresiones de otras. Todo lo que sale de la norma recibe m\u00e1s discriminaci\u00f3n y esto lo tengo presente cuando trabajo con las personas que conf\u00edan en m\u00ed. Aprendo cada d\u00eda a afinar m\u00e1s la mirada feminista y, adem\u00e1s, tambi\u00e9n la mirada antirracista, antilgtbiqaf\u00f3bica, anticapacitista, de la lucha de clases, etc\u00e9tera.<\/p>    <\/div>\n<\/div>\n<!-- \/module text -->\t\t\t\t<\/div><!-- .tb-column-inner -->\n\t\t\t\t\t\t<\/div><!-- .module_column -->\n\t\t\t\t\t\t<\/div><!-- .subrow_inner -->\n\t\t<\/div><!-- .themify_builder_sub_row -->\n\t\t\t\t\t\t\t\t<\/div><!-- .tb-column-inner -->\n\t\t\t\t\t\t<\/div><!-- .module_column -->\n\t\t\t\t\t\t<\/div><!-- .row_inner -->\n\t\t<\/div><!-- .module_row -->\n\t\t\t\t\t\t\t\t<!-- module_row -->\n\t\t<div  data-desktop-padding=\"4%,4%\" data-css_id=\"oxi021\" data-lazy=\"1\" class=\"module_row themify_builder_row fullwidth_row_container tb_oxi021 tf_w tf_clearfix\">\n\t\t\t\t\t<div class=\"row_inner col_align_top tb_col_count_1 tf_box tf_rel\">\n\t\t\t\t\t<div  data-lazy=\"1\" class=\"module_column tb-column col-full tb_kykt25 first\">\n\t\t\t\t\t\t\t\t\t<div class=\"tb-column-inner tf_box tf_w\">\n\t\t\t\t\t\t<div  data-lazy=\"1\" class=\"module_subrow themify_builder_sub_row tb_wr8525 tf_w tf_clearfix\">\n\t\t\t\t\t<div class=\"subrow_inner col_align_top tb_col_count_1 tf_box tf_w\">\n\t\t\t\t\t<div  data-lazy=\"1\" class=\"module_column sub_column col-full tb_xgmb25 first\">\n\t\t\t\t\t\t\t\t\t<div class=\"tb-column-inner tf_box tf_w\">\n\t\t\t\t<!-- module text -->\n<div  class=\"module module-text tb_u1mm25   \" data-lazy=\"1\">\n        <div  class=\"tb_text_wrap\">\n    <h2>Para que conozcas un poco m\u00e1s mi trabajo, te cuento un poco m\u00e1s de cada una de mis especialidades<\/h2>    <\/div>\n<\/div>\n<!-- \/module text --><!-- module icon -->\n<div  class=\"module module-icon tb_l9c325  normal circle icon_horizontal tf_textc\" data-lazy=\"1\">\n\t\t\t<div class=\"module-icon-item\">\n\t\t\t\t\t\t\t\t\t\t\t\t\t\t\t\t<em class=\"tf_box\" style=\"color:#000000\"><svg  class=\"tf_fa tf-ti-arrow-down\" aria-hidden=\"true\"><use href=\"#tf-ti-arrow-down\"><\/use><\/svg><\/em>\n\t\t\t\t\t\t\t\t\t\t\t\t\t\t\t\t\t\t\t<span class=\"screen-reader-text\">Icon label<\/span>\n\t\t\t\t\t\t\t\t\t\t\t\t\t\t\t<\/div>\n\t<\/div>\n<!-- \/module icon -->\n\t\t\t\t<\/div><!-- .tb-column-inner -->\n\t\t\t\t\t\t<\/div><!-- .module_column -->\n\t\t\t\t\t\t<\/div><!-- .subrow_inner -->\n\t\t<\/div><!-- .themify_builder_sub_row -->\n\t\t\t\t\t\t\t\t<\/div><!-- .tb-column-inner -->\n\t\t\t\t\t\t<\/div><!-- .module_column -->\n\t\t\t\t\t\t<\/div><!-- .row_inner -->\n\t\t<\/div><!-- .module_row -->\n\t\t\t\t\t\t\t\t<!-- module_row -->\n\t\t<div  data-desktop-padding=\"4%,4%\" data-anchor=\"sexologia\" data-css_id=\"698e21\" data-lazy=\"1\" class=\"module_row themify_builder_row fullwidth_row_container tb_has_section tb_section-sexologia tb_698e21 tf_w tf_clearfix\">\n\t\t\t\t\t<div class=\"row_inner col_align_top tb_col_count_1 tf_box tf_rel\">\n\t\t\t\t\t<div  data-lazy=\"1\" class=\"module_column tb-column col-full tb_2pqu26 first\">\n\t\t\t\t\t\t\t\t\t<div class=\"tb-column-inner tf_box tf_w\">\n\t\t\t\t\t\t<div  data-lazy=\"1\" class=\"module_subrow themify_builder_sub_row tb_58jh26 tf_w tf_clearfix\">\n\t\t\t\t\t<div class=\"subrow_inner col_align_top tb_col_count_2 tf_box tf_w\">\n\t\t\t\t\t<div  data-lazy=\"1\" class=\"module_column sub_column col4-2 tb_fqu026 first\">\n\t\t\t\t\t\t\t\t\t<div class=\"tb-column-inner tf_box tf_w\">\n\t\t\t\t<!-- module text -->\n<div  class=\"module module-text tb_6z4n26   \" data-lazy=\"1\">\n        <div  class=\"tb_text_wrap\">\n    <h2>Sexolog\u00eda<\/h2>    <\/div>\n<\/div>\n<!-- \/module text --><!-- module image -->\n<div  class=\"module module-image tb_juiw26   image-top tf_mw\" data-lazy=\"1\">\n        <div class=\"image-wrap tf_rel tf_mw\">\n\t\t    <a href=\"https:\/\/www.elenacrespi.com\/wp-content\/uploads\/2022\/11\/03-Sexologia-cast.mp4\"\n\t        class=\"lightbox-builder themify_lightbox\"\t       >\n\t\t   \t\t<img src=\"https:\/\/www.elenacrespi.com\/wp-content\/uploads\/2022\/07\/Play.svg\" width=\"100\" class=\"wp-post-image wp-image-1948\" title=\"Play\" alt=\"Play\">\t    <\/a>\n\t\n\t\t<\/div>\n\t<!-- \/image-wrap -->\n    \n    \t<\/div>\n<!-- \/module image -->\t\t\t\t<\/div><!-- .tb-column-inner -->\n\t\t\t\t\t\t<\/div><!-- .module_column -->\n\t\t\t\t\t<div  data-lazy=\"1\" class=\"module_column sub_column col4-2 tb_969526 last\">\n\t\t\t\t\t\t\t\t\t<div class=\"tb-column-inner tf_box tf_w\">\n\t\t\t\t<!-- module text -->\n<div  class=\"module module-text tb_73cj26   \" data-lazy=\"1\">\n        <div  class=\"tb_text_wrap\">\n    <p>Nuestra sexualidad deber\u00eda ser algo que nos divirtiera y que nos aportara placer. Pero no siempre es as\u00ed y, a menudo, las dificultades aparecen o se hacen m\u00e1s grandes cuando nos relacionamos sexualmente con otras personas.<br><br>Todas las personas nos podemos encontrar, a lo largo de la vida, con alguna dificultad sexual: dolor en las relaciones sexuales, dificultades para conseguir la penetraci\u00f3n, tener problemas para conseguir o mantener una erecci\u00f3n, eyacular antes de lo que se desea, no conseguir el orgasmo, rechazar el sexo, no tener deseo\u2026 \u00c9stas y otras dificultades pueden hacer que, en vez de gozar de una sexualidad plena, \u00e9sta se convierta en un problema.<br><br>La terapia sexual ayuda a hacer m\u00e1s sencillo lo que, aparentemente, es complicado y permite vivir mejor esta esfera de nuestra vida.<\/p>    <\/div>\n<\/div>\n<!-- \/module text -->\t\t\t\t<\/div><!-- .tb-column-inner -->\n\t\t\t\t\t\t<\/div><!-- .module_column -->\n\t\t\t\t\t\t<\/div><!-- .subrow_inner -->\n\t\t<\/div><!-- .themify_builder_sub_row -->\n\t\t\t\t\t\t\t\t<\/div><!-- .tb-column-inner -->\n\t\t\t\t\t\t<\/div><!-- .module_column -->\n\t\t\t\t\t\t<\/div><!-- .row_inner -->\n\t\t<\/div><!-- .module_row -->\n\t\t\t\t\t\t\t\t<!-- module_row -->\n\t\t<div  data-desktop-padding=\"4%,4%\" data-anchor=\"relacions\" data-css_id=\"3z8r21\" data-lazy=\"1\" class=\"module_row themify_builder_row fullwidth_row_container tb_has_section tb_section-relacions tb_3z8r21 tf_w tf_clearfix\">\n\t\t\t\t\t<div class=\"row_inner col_align_top tb_col_count_1 tf_box tf_rel\">\n\t\t\t\t\t<div  data-lazy=\"1\" class=\"module_column tb-column col-full tb_9vzy27 first\">\n\t\t\t\t\t\t\t\t\t<div class=\"tb-column-inner tf_box tf_w\">\n\t\t\t\t\t\t<div  data-lazy=\"1\" class=\"module_subrow themify_builder_sub_row tb_8rb727 tf_w tf_clearfix\">\n\t\t\t\t\t<div class=\"subrow_inner col_align_top tb_col_count_2 tf_box tf_w\">\n\t\t\t\t\t<div  data-lazy=\"1\" class=\"module_column sub_column col4-2 tb_kmz527 first\">\n\t\t\t\t\t\t\t\t\t<div class=\"tb-column-inner tf_box tf_w\">\n\t\t\t\t<!-- module text -->\n<div  class=\"module module-text tb_ksph27   \" data-lazy=\"1\">\n        <div  class=\"tb_text_wrap\">\n    <h2>Relaciones<br>sexo-afectivas y Terapia de pareja<\/h2>    <\/div>\n<\/div>\n<!-- \/module text --><!-- module image -->\n<div  class=\"module module-image tb_5yq427   image-top tf_mw\" data-lazy=\"1\">\n        <div class=\"image-wrap tf_rel tf_mw\">\n\t\t    <a href=\"https:\/\/www.elenacrespi.com\/wp-content\/uploads\/2022\/11\/04-Parella-Sexoefectives-cast.mp4\"\n\t        class=\"lightbox-builder themify_lightbox\"\t       >\n\t\t   \t\t<img src=\"https:\/\/www.elenacrespi.com\/wp-content\/uploads\/2022\/07\/Play.svg\" width=\"100\" class=\"wp-post-image wp-image-1948\" title=\"Play\" alt=\"Play\">\t    <\/a>\n\t\n\t\t<\/div>\n\t<!-- \/image-wrap -->\n    \n    \t<\/div>\n<!-- \/module image -->\t\t\t\t<\/div><!-- .tb-column-inner -->\n\t\t\t\t\t\t<\/div><!-- .module_column -->\n\t\t\t\t\t<div  data-lazy=\"1\" class=\"module_column sub_column col4-2 tb_strg27 last\">\n\t\t\t\t\t\t\t\t\t<div class=\"tb-column-inner tf_box tf_w\">\n\t\t\t\t<!-- module text -->\n<div  class=\"module module-text tb_a9jj27   \" data-lazy=\"1\">\n        <div  class=\"tb_text_wrap\">\n    <p>Nuestras relaciones sexo-afectivas y\/o nuestra pareja deber\u00edan hacernos sonre\u00edr, enriquecernos y hacernos crecer como personas. Pero no es siempre sencillo. La convivencia, los celos, las infidelidades, las expectativas que no se cumplen, la mala comunicaci\u00f3n, el enfriamiento de la relaci\u00f3n, los desacuerdos en los estilos afectivos\u2026 son situaciones habituales y que dificultan tener una relaci\u00f3n sana y satisfactoria.<br>\u00a0<br>La terapia ayuda a reflexionar, encontrar el equilibrio y descubrir aquellas soluciones positivas para los miembros de la relaci\u00f3n.<\/p>    <\/div>\n<\/div>\n<!-- \/module text -->\t\t\t\t<\/div><!-- .tb-column-inner -->\n\t\t\t\t\t\t<\/div><!-- .module_column -->\n\t\t\t\t\t\t<\/div><!-- .subrow_inner -->\n\t\t<\/div><!-- .themify_builder_sub_row -->\n\t\t\t\t\t\t\t\t<\/div><!-- .tb-column-inner -->\n\t\t\t\t\t\t<\/div><!-- .module_column -->\n\t\t\t\t\t\t<\/div><!-- .row_inner -->\n\t\t<\/div><!-- .module_row -->\n\t\t\t\t\t\t\t\t<!-- module_row -->\n\t\t<div  data-desktop-padding=\"4%,4%\" data-anchor=\"perinatal\" data-css_id=\"70nb21\" data-lazy=\"1\" class=\"module_row themify_builder_row fullwidth_row_container tb_has_section tb_section-perinatal tb_70nb21 tf_w tf_clearfix\">\n\t\t\t\t\t<div class=\"row_inner col_align_top tb_col_count_1 tf_box tf_rel\">\n\t\t\t\t\t<div  data-lazy=\"1\" class=\"module_column tb-column col-full tb_0cix28 first\">\n\t\t\t\t\t\t\t\t\t<div class=\"tb-column-inner tf_box tf_w\">\n\t\t\t\t\t\t<div  data-lazy=\"1\" class=\"module_subrow themify_builder_sub_row tb_5g0j28 tf_w tf_clearfix\">\n\t\t\t\t\t<div class=\"subrow_inner col_align_top tb_col_count_2 tf_box tf_w\">\n\t\t\t\t\t<div  data-lazy=\"1\" class=\"module_column sub_column col4-2 tb_mm8r28 first\">\n\t\t\t\t\t\t\t\t\t<div class=\"tb-column-inner tf_box tf_w\">\n\t\t\t\t<!-- module text -->\n<div  class=\"module module-text tb_2xhn28   \" data-lazy=\"1\">\n        <div  class=\"tb_text_wrap\">\n    <h2>Psicolog\u00eda perinatal<\/h2>    <\/div>\n<\/div>\n<!-- \/module text --><!-- module image -->\n<div  class=\"module module-image tb_9teh29   image-top tf_mw\" data-lazy=\"1\">\n        <div class=\"image-wrap tf_rel tf_mw\">\n\t\t    <a href=\"https:\/\/www.elenacrespi.com\/wp-content\/uploads\/2022\/11\/05-Perinatal-cast.mp4\"\n\t        class=\"lightbox-builder themify_lightbox\"\t       >\n\t\t   \t\t<img src=\"https:\/\/www.elenacrespi.com\/wp-content\/uploads\/2022\/07\/Play.svg\" width=\"100\" class=\"wp-post-image wp-image-1948\" title=\"Play\" alt=\"Play\">\t    <\/a>\n\t\n\t\t<\/div>\n\t<!-- \/image-wrap -->\n    \n    \t<\/div>\n<!-- \/module image -->\t\t\t\t<\/div><!-- .tb-column-inner -->\n\t\t\t\t\t\t<\/div><!-- .module_column -->\n\t\t\t\t\t<div  data-lazy=\"1\" class=\"module_column sub_column col4-2 tb_b00j29 last\">\n\t\t\t\t\t\t\t\t\t<div class=\"tb-column-inner tf_box tf_w\">\n\t\t\t\t<!-- module text -->\n<div  class=\"module module-text tb_57p229   \" data-lazy=\"1\">\n        <div  class=\"tb_text_wrap\">\n    <p>La b\u00fasqueda de un embarazo y la llegada de une ni\u00f1e puede ser una experiencia muy deseada y muy feliz. Pero no siempre sucede todo tal y como lo pensamos. En ocasiones, pueden aparecer algunas dificultades que hacen m\u00e1s dif\u00edcil esta etapa de cambio. Son situaciones que ocurren pero que poca gente habla, que pensamos que nos quedan muy lejos\u2026<\/p>    <\/div>\n<\/div>\n<!-- \/module text -->\t\t\t\t<\/div><!-- .tb-column-inner -->\n\t\t\t\t\t\t<\/div><!-- .module_column -->\n\t\t\t\t\t\t<\/div><!-- .subrow_inner -->\n\t\t<\/div><!-- .themify_builder_sub_row -->\n\t\t\t\t\t\t<div  data-lazy=\"1\" class=\"module_subrow themify_builder_sub_row tb_pfsr29 tf_w tf_clearfix\">\n\t\t\t\t\t<div class=\"subrow_inner col_align_top tb_col_count_2 tf_box tf_w\">\n\t\t\t\t\t<div  data-lazy=\"1\" class=\"module_column sub_column col4-2 tb_lnu329 first\">\n\t\t\t\t\t\t\t\t\t<div class=\"tb-column-inner tf_box tf_w\">\n\t\t\t\t<!-- module text -->\n<div  class=\"module module-text tb_ng3129   \" data-lazy=\"1\">\n        <div  class=\"tb_text_wrap\">\n    <h4>Desde la psicolog\u00eda perinatal puedo ayudarte si te encuentras en una situaci\u00f3n de:<\/h4>\n<ul>\n<li>Dificultades en la concepci\u00f3n como problemas esterilidad o infertilidad<\/li>\n<li>Duelo perinatal<\/li>\n<li>Cambios emocionales o depresi\u00f3n post-parto<\/li>\n<li>Problemas de pareja derivados de esta etapa<\/li>\n<li>Conflictos con las familias de origen a ra\u00edz del nacimiento de una criatura<\/li>\n<li>Dificultades a ra\u00edz de un parto complicado o dificultades con el beb\u00e9<\/li>\n<li>Haber sufrido violencia obst\u00e9trica<\/li>\n<li>Asesoramiento y orientaci\u00f3n en la lactancia<\/li>\n<li>Sexolog\u00eda perinatal: Dificultades en las relaciones sexuales durante el embarazo y\/o el postparto<\/li>\n<\/ul>    <\/div>\n<\/div>\n<!-- \/module text -->\t\t\t\t<\/div><!-- .tb-column-inner -->\n\t\t\t\t\t\t<\/div><!-- .module_column -->\n\t\t\t\t\t<div  data-lazy=\"1\" class=\"module_column sub_column col4-2 tb_gjrs30 last\">\n\t\t\t\t\t\t\t\t\t<div class=\"tb-column-inner tf_box tf_w\">\n\t\t\t\t<!-- module text -->\n<div  class=\"module module-text tb_gucx30   \" data-lazy=\"1\">\n        <div  class=\"tb_text_wrap\">\n    <h4>La psicolog\u00eda perinatal puede ser tambi\u00e9n una herramienta \u00fatil para aprender y mejorar la experiencia de la maternidad y la paternidad. En estos casos te puedo ayudar si:<\/h4>\n<ul>\n<li>Deseas resolver dudas relacionadas con esta nueva etapa<\/li>\n<li>Crecimiento personal durante el embarazo y el postparto<\/li>\n<\/ul>    <\/div>\n<\/div>\n<!-- \/module text -->\t\t\t\t<\/div><!-- .tb-column-inner -->\n\t\t\t\t\t\t<\/div><!-- .module_column -->\n\t\t\t\t\t\t<\/div><!-- .subrow_inner -->\n\t\t<\/div><!-- .themify_builder_sub_row -->\n\t\t\t\t\t\t\t\t<\/div><!-- .tb-column-inner -->\n\t\t\t\t\t\t<\/div><!-- .module_column -->\n\t\t\t\t\t\t<\/div><!-- .row_inner -->\n\t\t<\/div><!-- .module_row -->\n\t\t\t\t<\/div>\n<!--\/themify_builder_content-->","protected":false},"excerpt":{"rendered":"<p>Espacio cl\u00ednico Ya de adolescente me sent\u00ed atra\u00edda por la psicolog\u00eda. Mientras estudiaba la licenciatura descubr\u00ed el mundo de la sexolog\u00eda y la terapia de pareja. M\u00e1s adelante me adentr\u00e9 en la psicolog\u00eda perinatal. Y desde hace a\u00f1os trabajo desde la perspectiva feminista. No puedo ni quiero evitarlo. Crecemos aprendiendo el funcionamiento de un mundo [&hellip;]<\/p>\n","protected":false},"author":1,"featured_media":0,"parent":0,"menu_order":2,"comment_status":"closed","ping_status":"closed","template":"","meta":[],"acf":[],"builder_content":"<h2>Espacio cl\u00ednico<\/h2>\n<p>Ya de adolescente me sent\u00ed atra\u00edda por la psicolog\u00eda. Mientras estudiaba la licenciatura descubr\u00ed el mundo de la sexolog\u00eda y la terapia de pareja. M\u00e1s adelante me adentr\u00e9 en la psicolog\u00eda perinatal.<br><br>Y desde hace a\u00f1os trabajo desde la perspectiva feminista. No puedo ni quiero evitarlo. Crecemos aprendiendo el funcionamiento de un mundo que se rige por unas normas patriarcales que establecen los privilegios de unos hacia las opresiones de otras. Todo lo que sale de la norma recibe m\u00e1s discriminaci\u00f3n y esto lo tengo presente cuando trabajo con las personas que conf\u00edan en m\u00ed. Aprendo cada d\u00eda a afinar m\u00e1s la mirada feminista y, adem\u00e1s, tambi\u00e9n la mirada antirracista, antilgtbiqaf\u00f3bica, anticapacitista, de la lucha de clases, etc\u00e9tera.<\/p>\n<h2>Para que conozcas un poco m\u00e1s mi trabajo, te cuento un poco m\u00e1s de cada una de mis especialidades<\/h2>\n<em style=\"color:#000000\"><svg aria-hidden=\"true\"><use href=\"#tf-ti-arrow-down\"><\/use><\/svg><\/em> Icon label\n<h2>Sexolog\u00eda<\/h2>\n<a href=\"https:\/\/www.elenacrespi.com\/wp-content\/uploads\/2022\/11\/03-Sexologia-cast.mp4\" > <img src=\"https:\/\/www.elenacrespi.com\/wp-content\/uploads\/2022\/07\/Play.svg\" width=\"100\" title=\"Play\" alt=\"Play\"> <\/a>\n<p>Nuestra sexualidad deber\u00eda ser algo que nos divirtiera y que nos aportara placer. Pero no siempre es as\u00ed y, a menudo, las dificultades aparecen o se hacen m\u00e1s grandes cuando nos relacionamos sexualmente con otras personas.<br><br>Todas las personas nos podemos encontrar, a lo largo de la vida, con alguna dificultad sexual: dolor en las relaciones sexuales, dificultades para conseguir la penetraci\u00f3n, tener problemas para conseguir o mantener una erecci\u00f3n, eyacular antes de lo que se desea, no conseguir el orgasmo, rechazar el sexo, no tener deseo\u2026 \u00c9stas y otras dificultades pueden hacer que, en vez de gozar de una sexualidad plena, \u00e9sta se convierta en un problema.<br><br>La terapia sexual ayuda a hacer m\u00e1s sencillo lo que, aparentemente, es complicado y permite vivir mejor esta esfera de nuestra vida.<\/p>\n<h2>Relaciones<br>sexo-afectivas y Terapia de pareja<\/h2>\n<a href=\"https:\/\/www.elenacrespi.com\/wp-content\/uploads\/2022\/11\/04-Parella-Sexoefectives-cast.mp4\" > <img src=\"https:\/\/www.elenacrespi.com\/wp-content\/uploads\/2022\/07\/Play.svg\" width=\"100\" title=\"Play\" alt=\"Play\"> <\/a>\n<p>Nuestras relaciones sexo-afectivas y\/o nuestra pareja deber\u00edan hacernos sonre\u00edr, enriquecernos y hacernos crecer como personas. Pero no es siempre sencillo. La convivencia, los celos, las infidelidades, las expectativas que no se cumplen, la mala comunicaci\u00f3n, el enfriamiento de la relaci\u00f3n, los desacuerdos en los estilos afectivos\u2026 son situaciones habituales y que dificultan tener una relaci\u00f3n sana y satisfactoria.<br>\u00a0<br>La terapia ayuda a reflexionar, encontrar el equilibrio y descubrir aquellas soluciones positivas para los miembros de la relaci\u00f3n.<\/p>\n<h2>Psicolog\u00eda perinatal<\/h2>\n<a href=\"https:\/\/www.elenacrespi.com\/wp-content\/uploads\/2022\/11\/05-Perinatal-cast.mp4\" > <img src=\"https:\/\/www.elenacrespi.com\/wp-content\/uploads\/2022\/07\/Play.svg\" width=\"100\" title=\"Play\" alt=\"Play\"> <\/a>\n<p>La b\u00fasqueda de un embarazo y la llegada de une ni\u00f1e puede ser una experiencia muy deseada y muy feliz. Pero no siempre sucede todo tal y como lo pensamos. En ocasiones, pueden aparecer algunas dificultades que hacen m\u00e1s dif\u00edcil esta etapa de cambio. Son situaciones que ocurren pero que poca gente habla, que pensamos que nos quedan muy lejos\u2026<\/p>\n<h4>Desde la psicolog\u00eda perinatal puedo ayudarte si te encuentras en una situaci\u00f3n de:<\/h4> <ul> <li>Dificultades en la concepci\u00f3n como problemas esterilidad o infertilidad<\/li> <li>Duelo perinatal<\/li> <li>Cambios emocionales o depresi\u00f3n post-parto<\/li> <li>Problemas de pareja derivados de esta etapa<\/li> <li>Conflictos con las familias de origen a ra\u00edz del nacimiento de una criatura<\/li> <li>Dificultades a ra\u00edz de un parto complicado o dificultades con el beb\u00e9<\/li> <li>Haber sufrido violencia obst\u00e9trica<\/li> <li>Asesoramiento y orientaci\u00f3n en la lactancia<\/li> <li>Sexolog\u00eda perinatal: Dificultades en las relaciones sexuales durante el embarazo y\/o el postparto<\/li> <\/ul>\n<h4>La psicolog\u00eda perinatal puede ser tambi\u00e9n una herramienta \u00fatil para aprender y mejorar la experiencia de la maternidad y la paternidad. En estos casos te puedo ayudar si:<\/h4> <ul> <li>Deseas resolver dudas relacionadas con esta nueva etapa<\/li> <li>Crecimiento personal durante el embarazo y el postparto<\/li> <\/ul>","_links":{"self":[{"href":"https:\/\/www.elenacrespi.com\/es\/wp-json\/wp\/v2\/pages\/3355"}],"collection":[{"href":"https:\/\/www.elenacrespi.com\/es\/wp-json\/wp\/v2\/pages"}],"about":[{"href":"https:\/\/www.elenacrespi.com\/es\/wp-json\/wp\/v2\/types\/page"}],"author":[{"embeddable":true,"href":"https:\/\/www.elenacrespi.com\/es\/wp-json\/wp\/v2\/users\/1"}],"replies":[{"embeddable":true,"href":"https:\/\/www.elenacrespi.com\/es\/wp-json\/wp\/v2\/comments?post=3355"}],"version-history":[{"count":0,"href":"https:\/\/www.elenacrespi.com\/es\/wp-json\/wp\/v2\/pages\/3355\/revisions"}],"wp:attachment":[{"href":"https:\/\/www.elenacrespi.com\/es\/wp-json\/wp\/v2\/media?parent=3355"}],"curies":[{"name":"wp","href":"https:\/\/api.w.org\/{rel}","templated":true}]}}