{"id":3370,"date":"2022-09-26T15:48:39","date_gmt":"2022-09-26T13:48:39","guid":{"rendered":"https:\/\/www.elenacrespi.com\/espai-formacio\/"},"modified":"2025-05-21T18:47:15","modified_gmt":"2025-05-21T16:47:15","slug":"espacio-formacion","status":"publish","type":"page","link":"https:\/\/www.elenacrespi.com\/es\/espacio-formacion\/","title":{"rendered":"Espacio formaci\u00f3n"},"content":{"rendered":"<!--themify_builder_content-->\n<div id=\"themify_builder_content-3370\" data-postid=\"3370\" class=\"themify_builder_content themify_builder_content-3370 themify_builder tf_clear\">\n    \t\t\t\t<!-- module_row -->\n\t\t<div  data-anchor=\"content\" data-css_id=\"u0e3796\" data-lazy=\"1\" class=\"module_row themify_builder_row fullwidth_row_container tb_has_section tb_section-content tb_u0e3796 tb_first tf_w tf_clearfix\">\n\t\t\t\t\t<div class=\"row_inner col_align_top tb_col_count_1 tf_box tf_rel\">\n\t\t\t\t\t<div  data-lazy=\"1\" class=\"module_column tb-column col-full tb_79ub797 first\">\n\t\t\t\t\t\t\t\t\t<div class=\"tb-column-inner tf_box tf_w\">\n\t\t\t\t\t\t<div  data-lazy=\"1\" class=\"module_subrow themify_builder_sub_row tb_6ums797 tf_w tf_clearfix\">\n\t\t\t\t\t<div class=\"subrow_inner col_align_top tb_col_count_2 tf_box tf_w\">\n\t\t\t\t\t<div  data-lazy=\"1\" class=\"module_column sub_column tb_riau797 first\">\n\t\t\t\t\t\t\t<\/div><!-- .module_column -->\n\t\t\t\t\t<div  data-lazy=\"1\" class=\"module_column sub_column tb_538q798 last\">\n\t\t\t\t\t\t\t<\/div><!-- .module_column -->\n\t\t\t\t\t\t<\/div><!-- .subrow_inner -->\n\t\t<\/div><!-- .themify_builder_sub_row -->\n\t\t\t\t\t\t\t\t<\/div><!-- .tb-column-inner -->\n\t\t\t\t\t\t<\/div><!-- .module_column -->\n\t\t\t\t\t\t<\/div><!-- .row_inner -->\n\t\t<\/div><!-- .module_row -->\n\t\t\t\t\t\t\t\t<!-- module_row -->\n\t\t<div  data-desktop-padding=\"4%,4%\" data-anchor=\"xerrades\" data-css_id=\"6wsw796\" data-lazy=\"1\" class=\"module_row themify_builder_row fullwidth_row_container tb_has_section tb_section-xerrades tb_6wsw796 tf_w tf_clearfix\">\n\t\t\t\t\t<div class=\"row_inner col_align_top tb_col_count_1 tf_box tf_rel\">\n\t\t\t\t\t<div  data-lazy=\"1\" class=\"module_column tb-column col-full tb_hb5r798 first\">\n\t\t\t\t\t\t\t\t\t<div class=\"tb-column-inner tf_box tf_w\">\n\t\t\t\t\t\t<div  data-lazy=\"1\" class=\"module_subrow themify_builder_sub_row tb_ran4798 tf_w tf_clearfix\">\n\t\t\t\t\t<div class=\"subrow_inner col_align_top tb_col_count_2 tf_box tf_w\">\n\t\t\t\t\t<div  data-lazy=\"1\" class=\"module_column sub_column tb_7hi6798 first\">\n\t\t\t\t\t\t\t\t\t<div class=\"tb-column-inner tf_box tf_w\">\n\t\t\t\t<!-- module text -->\n<div  class=\"module module-text tb_0m8e798   \" data-lazy=\"1\">\n        <div  class=\"tb_text_wrap\">\n    <h2>Charlas<\/h2>\n<h2>\u00a0<\/h2>    <\/div>\n<\/div>\n<!-- \/module text --><!-- module image -->\n<div  class=\"module module-image tb_v8dz799   image-top tf_mw\" data-lazy=\"1\">\n        <div class=\"image-wrap tf_rel tf_mw\">\n\t\t    <a href=\"https:\/\/www.elenacrespi.com\/wp-content\/uploads\/2022\/11\/07-Xerrades-cast.mp4\"\n\t        class=\"lightbox-builder themify_lightbox\"\t       >\n\t\t   \t\t<img src=\"https:\/\/www.elenacrespi.com\/wp-content\/uploads\/2022\/07\/Play.svg\" width=\"100\" class=\"wp-post-image wp-image-1948\" title=\"Play\" alt=\"Play\">\t    <\/a>\n\t\n\t\t<\/div>\n\t<!-- \/image-wrap -->\n    \n    \t<\/div>\n<!-- \/module image -->\t\t\t\t<\/div><!-- .tb-column-inner -->\n\t\t\t\t\t\t<\/div><!-- .module_column -->\n\t\t\t\t\t<div  data-lazy=\"1\" class=\"module_column sub_column tb_8gxi799 last\">\n\t\t\t\t\t\t\t\t\t<div class=\"tb-column-inner tf_box tf_w\">\n\t\t\t\t<!-- module text -->\n<div  class=\"module module-text tb_a43u799   \" data-lazy=\"1\">\n        <div  class=\"tb_text_wrap\">\n    <p>Una parte de mi trabajo la dedico a dar charlas sobre sexualidad, relaciones sexo-afectivas, maternidad y feminismo.<\/p>\n<p>Si deseas tener m\u00e1s informaci\u00f3n sobre las charlas que hago, aqu\u00ed tienes el cat\u00e1logo de actividades.<br>Espero que te resulten interesantes<\/p>    <\/div>\n<\/div>\n<!-- \/module text --><!-- module buttons -->\n<div  class=\"module module-buttons tb_md3j799 buttons-horizontal solid  circle\" data-lazy=\"1\">\n\t\t<div class=\"module-buttons-item tf_inline_b\">\n\t\t\t\t\t\t<a href=\"https:\/\/www.elenacrespi.com\/wp-content\/uploads\/2025\/05\/Dossier-xerrades-i-tallers-Crespi-2025-v2.pdf\" class=\"ui builder_button tb_default_color\" target=\"_blank\" rel=\"noopener\">\n\t\t\t\t\t\t\t\t<em class=\"tf_inline_b tf_vmiddle\"><svg  class=\"tf_fa tf-ti-arrow-down\" aria-hidden=\"true\"><use href=\"#tf-ti-arrow-down\"><\/use><\/svg><\/em>\t\t\t\t\t\t\t<span class=\"tf_inline_b tf_vmiddle\">Cat\u00e1logo<\/span>\n\t\t\t\t\t\t\t\t\t\t\t\t<\/a>\n\t\t\t\t\t\t<\/div>\n\t\t\t<\/div>\n<!-- \/module buttons -->\n\t\t\t\t<\/div><!-- .tb-column-inner -->\n\t\t\t\t\t\t<\/div><!-- .module_column -->\n\t\t\t\t\t\t<\/div><!-- .subrow_inner -->\n\t\t<\/div><!-- .themify_builder_sub_row -->\n\t\t\t\t\t\t\t\t<\/div><!-- .tb-column-inner -->\n\t\t\t\t\t\t<\/div><!-- .module_column -->\n\t\t\t\t\t\t<\/div><!-- .row_inner -->\n\t\t<\/div><!-- .module_row -->\n\t\t\t\t\t\t\t\t<!-- module_row -->\n\t\t<div  data-desktop-padding=\"4%,4%\" data-anchor=\"cursos\" data-css_id=\"ctit796\" data-lazy=\"1\" class=\"module_row themify_builder_row fullwidth_row_container tb_has_section tb_section-cursos tb_ctit796 tf_w tf_clearfix\">\n\t\t\t\t\t<div class=\"row_inner col_align_top tb_col_count_1 tf_box tf_rel\">\n\t\t\t\t\t<div  data-lazy=\"1\" class=\"module_column tb-column col-full tb_06rj800 first\">\n\t\t\t\t\t\t\t\t\t<div class=\"tb-column-inner tf_box tf_w\">\n\t\t\t\t\t\t<div  data-lazy=\"1\" class=\"module_subrow themify_builder_sub_row tb_8k78800 tf_w tf_clearfix\">\n\t\t\t\t\t<div class=\"subrow_inner col_align_top tb_col_count_2 tf_box tf_w\">\n\t\t\t\t\t<div  data-lazy=\"1\" class=\"module_column sub_column col4-2 tb_cc1q800 first\">\n\t\t\t\t\t\t\t\t\t<div class=\"tb-column-inner tf_box tf_w\">\n\t\t\t\t<!-- module text -->\n<div  class=\"module module-text tb_3yjp800   \" data-lazy=\"1\">\n        <div  class=\"tb_text_wrap\">\n    <h2>Cursos<\/h2>    <\/div>\n<\/div>\n<!-- \/module text --><!-- module image -->\n<div  class=\"module module-image tb_1bo3800   image-top tf_mw\" data-lazy=\"1\">\n        <div class=\"image-wrap tf_rel tf_mw\">\n\t\t    <a href=\"https:\/\/www.elenacrespi.com\/wp-content\/uploads\/2022\/11\/08-Cursos-cast.mp4\"\n\t        class=\"lightbox-builder themify_lightbox\"\t       >\n\t\t   \t\t<img src=\"https:\/\/www.elenacrespi.com\/wp-content\/uploads\/2022\/07\/Play.svg\" width=\"100\" class=\"wp-post-image wp-image-1948\" title=\"Play\" alt=\"Play\">\t    <\/a>\n\t\n\t\t<\/div>\n\t<!-- \/image-wrap -->\n    \n    \t<\/div>\n<!-- \/module image -->\t\t\t\t<\/div><!-- .tb-column-inner -->\n\t\t\t\t\t\t<\/div><!-- .module_column -->\n\t\t\t\t\t<div  data-lazy=\"1\" class=\"module_column sub_column col4-2 tb_pxcm800 last\">\n\t\t\t\t\t\t\t\t\t<div class=\"tb-column-inner tf_box tf_w\">\n\t\t\t\t<!-- module text -->\n<div  class=\"module module-text tb_uaw4800   \" data-lazy=\"1\">\n        <div  class=\"tb_text_wrap\">\n    <p>Desde siempre, la formaci\u00f3n ha sido una parte muy importante de mi trabajo. Como alumna y tambi\u00e9n como docente. Por eso este espacio pretende ser una peque\u00f1a escuela en la que ir aprendiendo sobre los temas con los que trabajo y espero que vaya creciendo con m\u00e1s cursos.<\/p>\n<p>Si quieres ver los cursos que ya forman parte de la oferta que he elaborado, \u00a1aqu\u00ed los tienes!<\/p>\n<p>\u00a1Deseo que aprendas mucho con ellos!<\/p>    <\/div>\n<\/div>\n<!-- \/module text --><!-- module buttons -->\n<div  class=\"module module-buttons tb_wlax800 buttons-horizontal solid  circle\" data-lazy=\"1\">\n\t\t<div class=\"module-buttons-item tf_inline_b\">\n\t\t\t\t\t\t<a href=\"https:\/\/www.elenacrespi.com\/es\/tienda\/\" class=\"ui builder_button tb_default_color\" >\n\t\t\t\t\t\t\t\t<em class=\"tf_inline_b tf_vmiddle\"><svg  class=\"tf_fa tf-ti-eye\" aria-hidden=\"true\"><use href=\"#tf-ti-eye\"><\/use><\/svg><\/em>\t\t\t\t\t\t\t<span class=\"tf_inline_b tf_vmiddle\">Ver cursos<\/span>\n\t\t\t\t\t\t\t\t\t\t\t\t<\/a>\n\t\t\t\t\t\t<\/div>\n\t\t\t<\/div>\n<!-- \/module buttons -->\n\t\t\t\t<\/div><!-- .tb-column-inner -->\n\t\t\t\t\t\t<\/div><!-- .module_column -->\n\t\t\t\t\t\t<\/div><!-- .subrow_inner -->\n\t\t<\/div><!-- .themify_builder_sub_row -->\n\t\t\t\t\t\t\t\t<\/div><!-- .tb-column-inner -->\n\t\t\t\t\t\t<\/div><!-- .module_column -->\n\t\t\t\t\t\t<\/div><!-- .row_inner -->\n\t\t<\/div><!-- .module_row -->\n\t\t\t\t\t\t\t\t<!-- module_row -->\n\t\t<div  data-desktop-padding=\"4%,4%\" data-css_id=\"cn50796\" data-lazy=\"1\" class=\"module_row themify_builder_row fullwidth_row_container tb_cn50796 tf_w tf_clearfix\">\n\t\t\t\t\t<div class=\"row_inner col_align_top tb_col_count_1 tf_box tf_rel\">\n\t\t\t\t\t<div  data-lazy=\"1\" class=\"module_column tb-column col-full tb_qo4j801 first\">\n\t\t\t\t\t\t\t\t\t<div class=\"tb-column-inner tf_box tf_w\">\n\t\t\t\t\t\t<div  data-lazy=\"1\" class=\"module_subrow themify_builder_sub_row tb_4n73801 tf_w tf_clearfix\">\n\t\t\t\t\t<div class=\"subrow_inner col_align_top tb_col_count_2 tf_box tf_w\">\n\t\t\t\t\t<div  data-lazy=\"1\" class=\"module_column sub_column col4-2 tb_ji34801 first\">\n\t\t\t\t\t\t\t\t\t<div class=\"tb-column-inner tf_box tf_w\">\n\t\t\t\t<!-- module text -->\n<div  class=\"module module-text tb_9zlq801   \" data-lazy=\"1\">\n        <div  class=\"tb_text_wrap\">\n    <h2>Con V de Violeta<\/h2><h2><\/h2>    <\/div>\n<\/div>\n<!-- \/module text --><!-- module image -->\n<div  class=\"module module-image tb_lalv802   image-top tf_mw\" data-lazy=\"1\">\n        <div class=\"image-wrap tf_rel tf_mw\">\n\t\t    <a href=\"https:\/\/www.elenacrespi.com\/wp-content\/uploads\/2022\/11\/09-Con-V-de-Violeta-cast.mp4\"\n\t        class=\"lightbox-builder themify_lightbox\"\t       >\n\t\t   \t\t<img src=\"https:\/\/www.elenacrespi.com\/wp-content\/uploads\/2022\/07\/Play.svg\" width=\"100\" class=\"wp-post-image wp-image-1948\" title=\"Play\" alt=\"Play\">\t    <\/a>\n\t\n\t\t<\/div>\n\t<!-- \/image-wrap -->\n    \n    \t<\/div>\n<!-- \/module image -->\t\t\t\t<\/div><!-- .tb-column-inner -->\n\t\t\t\t\t\t<\/div><!-- .module_column -->\n\t\t\t\t\t<div  data-lazy=\"1\" class=\"module_column sub_column col4-2 tb_yr5o802 last\">\n\t\t\t\t\t\t\t\t\t<div class=\"tb-column-inner tf_box tf_w\">\n\t\t\t\t<!-- module image -->\n<div  class=\"module module-image tb_heja802   image-top tf_mw\" data-lazy=\"1\">\n        <div class=\"image-wrap tf_rel tf_mw\">\n\t\t    <img src=\"https:\/\/www.elenacrespi.com\/wp-content\/uploads\/2022\/10\/Con-V-de-Violeta.svg\" class=\"wp-post-image wp-image-2445\" title=\"Con V de Violeta\" alt=\"Con V de Violeta\">\t\n\t\t<\/div>\n\t<!-- \/image-wrap -->\n    \n    \t<\/div>\n<!-- \/module image --><!-- module text -->\n<div  class=\"module module-text tb_l2w2802   \" data-lazy=\"1\">\n        <div  class=\"tb_text_wrap\">\n    <p>Cono V de Violeta es un proyecto que pretende ser un espacio de reflexi\u00f3n, debate y aprendizaje sobre feminismo.<\/p>\n<p>Actualmente cuenta con dos ediciones en formato de congresos online que est\u00e1n disponibles para adquirirlos cuando lo desees.<\/p>    <\/div>\n<\/div>\n<!-- \/module text --><!-- module buttons -->\n<div  class=\"module module-buttons tb_doc8802 buttons-horizontal solid  circle\" data-lazy=\"1\">\n\t\t<div class=\"module-buttons-item tf_inline_b\">\n\t\t\t\t\t\t<a href=\"https:\/\/convdevioleta.com\/\" class=\"ui builder_button tb_default_color\" target=\"_blank\" rel=\"noopener\">\n\t\t\t\t\t\t\t\t<em class=\"tf_inline_b tf_vmiddle\"><svg  class=\"tf_fa tf-ti-arrow-top-right\" aria-hidden=\"true\"><use href=\"#tf-ti-arrow-top-right\"><\/use><\/svg><\/em>\t\t\t\t\t\t\t<span class=\"tf_inline_b tf_vmiddle\">Ir al web<\/span>\n\t\t\t\t\t\t\t\t\t\t\t\t<\/a>\n\t\t\t\t\t\t<\/div>\n\t\t\t<\/div>\n<!-- \/module buttons -->\n\t\t\t\t<\/div><!-- .tb-column-inner -->\n\t\t\t\t\t\t<\/div><!-- .module_column -->\n\t\t\t\t\t\t<\/div><!-- .subrow_inner -->\n\t\t<\/div><!-- .themify_builder_sub_row -->\n\t\t\t\t\t\t\t\t<\/div><!-- .tb-column-inner -->\n\t\t\t\t\t\t<\/div><!-- .module_column -->\n\t\t\t\t\t\t<\/div><!-- .row_inner -->\n\t\t<\/div><!-- .module_row -->\n\t\t\t\t<\/div>\n<!--\/themify_builder_content-->","protected":false},"excerpt":{"rendered":"<p>Charlas \u00a0<\/p>\n","protected":false},"author":1,"featured_media":0,"parent":0,"menu_order":4,"comment_status":"closed","ping_status":"closed","template":"","meta":[],"acf":[],"builder_content":"<h2>Charlas<\/h2> <h2>\u00a0<\/h2>\n<a href=\"https:\/\/www.elenacrespi.com\/wp-content\/uploads\/2022\/11\/07-Xerrades-cast.mp4\" > <img src=\"https:\/\/www.elenacrespi.com\/wp-content\/uploads\/2022\/07\/Play.svg\" width=\"100\" title=\"Play\" alt=\"Play\"> <\/a>\n<p>Una parte de mi trabajo la dedico a dar charlas sobre sexualidad, relaciones sexo-afectivas, maternidad y feminismo.<\/p> <p>Si deseas tener m\u00e1s informaci\u00f3n sobre las charlas que hago, aqu\u00ed tienes el cat\u00e1logo de actividades.<br>Espero que te resulten interesantes<\/p>\n<a href=\"https:\/\/www.elenacrespi.com\/wp-content\/uploads\/2025\/05\/Dossier-xerrades-i-tallers-Crespi-2025-v2.pdf\" target=\"_blank\" rel=\"noopener\"> <em><svg aria-hidden=\"true\"><use href=\"#tf-ti-arrow-down\"><\/use><\/svg><\/em> Cat\u00e1logo <\/a>\n<h2>Cursos<\/h2>\n<a href=\"https:\/\/www.elenacrespi.com\/wp-content\/uploads\/2022\/11\/08-Cursos-cast.mp4\" > <img src=\"https:\/\/www.elenacrespi.com\/wp-content\/uploads\/2022\/07\/Play.svg\" width=\"100\" title=\"Play\" alt=\"Play\"> <\/a>\n<p>Desde siempre, la formaci\u00f3n ha sido una parte muy importante de mi trabajo. Como alumna y tambi\u00e9n como docente. Por eso este espacio pretende ser una peque\u00f1a escuela en la que ir aprendiendo sobre los temas con los que trabajo y espero que vaya creciendo con m\u00e1s cursos.<\/p> <p>Si quieres ver los cursos que ya forman parte de la oferta que he elaborado, \u00a1aqu\u00ed los tienes!<\/p> <p>\u00a1Deseo que aprendas mucho con ellos!<\/p>\n<a href=\"https:\/\/www.elenacrespi.com\/es\/tienda\/\" > <em><svg aria-hidden=\"true\"><use href=\"#tf-ti-eye\"><\/use><\/svg><\/em> Ver cursos <\/a>\n<h2>Con V de Violeta<\/h2><h2><\/h2>\n<a href=\"https:\/\/www.elenacrespi.com\/wp-content\/uploads\/2022\/11\/09-Con-V-de-Violeta-cast.mp4\" > <img src=\"https:\/\/www.elenacrespi.com\/wp-content\/uploads\/2022\/07\/Play.svg\" width=\"100\" title=\"Play\" alt=\"Play\"> <\/a>\n<img src=\"https:\/\/www.elenacrespi.com\/wp-content\/uploads\/2022\/10\/Con-V-de-Violeta.svg\" title=\"Con V de Violeta\" alt=\"Con V de Violeta\">\n<p>Cono V de Violeta es un proyecto que pretende ser un espacio de reflexi\u00f3n, debate y aprendizaje sobre feminismo.<\/p> <p>Actualmente cuenta con dos ediciones en formato de congresos online que est\u00e1n disponibles para adquirirlos cuando lo desees.<\/p>\n<a href=\"https:\/\/convdevioleta.com\/\" target=\"_blank\" rel=\"noopener\"> <em><svg aria-hidden=\"true\"><use href=\"#tf-ti-arrow-top-right\"><\/use><\/svg><\/em> Ir al web <\/a>","_links":{"self":[{"href":"https:\/\/www.elenacrespi.com\/es\/wp-json\/wp\/v2\/pages\/3370"}],"collection":[{"href":"https:\/\/www.elenacrespi.com\/es\/wp-json\/wp\/v2\/pages"}],"about":[{"href":"https:\/\/www.elenacrespi.com\/es\/wp-json\/wp\/v2\/types\/page"}],"author":[{"embeddable":true,"href":"https:\/\/www.elenacrespi.com\/es\/wp-json\/wp\/v2\/users\/1"}],"replies":[{"embeddable":true,"href":"https:\/\/www.elenacrespi.com\/es\/wp-json\/wp\/v2\/comments?post=3370"}],"version-history":[{"count":4,"href":"https:\/\/www.elenacrespi.com\/es\/wp-json\/wp\/v2\/pages\/3370\/revisions"}],"predecessor-version":[{"id":5331,"href":"https:\/\/www.elenacrespi.com\/es\/wp-json\/wp\/v2\/pages\/3370\/revisions\/5331"}],"wp:attachment":[{"href":"https:\/\/www.elenacrespi.com\/es\/wp-json\/wp\/v2\/media?parent=3370"}],"curies":[{"name":"wp","href":"https:\/\/api.w.org\/{rel}","templated":true}]}}