{"id":3648,"date":"2022-10-17T19:11:31","date_gmt":"2022-10-17T17:11:31","guid":{"rendered":"https:\/\/www.elenacrespi.com\/producte\/recupera-el-teu-desig\/"},"modified":"2022-11-28T17:57:40","modified_gmt":"2022-11-28T16:57:40","slug":"recupera-tu-deseo","status":"publish","type":"product","link":"https:\/\/www.elenacrespi.com\/es\/producto\/recupera-tu-deseo\/","title":{"rendered":"Recupera tu deseo"},"content":{"rendered":"<h2>\u00bfHas sido madre y te has o\u00eddo o te sientes as\u00ed alguna vez?<\/h2>\n<ul>\n<li>Agotada, sin deseo<\/li>\n<li>Con ganas de estar con tu pareja pero sin que haya relaciones sexuales<\/li>\n<li>Con deseo pero sin tiempo ni energ\u00eda para cuidar la esfera er\u00f3tica<\/li>\n<li>Condicionada por el deseo de tu pareja<\/li>\n<li>Oyendo cosas que nunca has contado a nadie y que nadie te ha dicho que pod\u00edas o\u00edr<\/li>\n<\/ul>\n<h3>Este curso te servir\u00e1 para:<\/h3>\n<ul>\n<li>Reflexionar sobre lo que hemos aprendido de la sexualidad y la maternidad<\/li>\n<li>Desterrar las falsas creencias sobre la sexualidad en esta etapa<\/li>\n<li>Reaprender y reubicar la sexualidad en nuestra vida<\/li>\n<li>Encontrar peque\u00f1os trucos para construir la sexualidad que realmente queremos<\/li>\n<\/ul>\n<!--themify_builder_content-->\n<div id=\"themify_builder_content-3648\" data-postid=\"3648\" class=\"themify_builder_content themify_builder_content-3648 themify_builder tf_clear\">\n    \t\t\t\t<!-- module_row -->\n\t\t<div  data-css_id=\"js1a859\" data-lazy=\"1\" class=\"module_row themify_builder_row fullwidth_row_container tb_js1a859 tb_first tf_w tf_clearfix\">\n\t\t\t\t\t<div class=\"row_inner col_align_top tb_col_count_1 tf_box tf_rel\">\n\t\t\t\t\t<div  data-lazy=\"1\" class=\"module_column tb-column col-full tb_r8xe860 first\">\n\t\t\t\t\t\t\t\t\t<div class=\"tb-column-inner tf_box tf_w\">\n\t\t\t\t<!-- module text -->\n<div  class=\"module module-text tb_eu4h860   \" data-lazy=\"1\">\n        <div  class=\"tb_text_wrap\">\n    <h3>C\u00f3mo funciona<\/h3>    <\/div>\n<\/div>\n<!-- \/module text -->\t\t<div  data-lazy=\"1\" class=\"module_subrow themify_builder_sub_row tb_yyxh860 tf_w tf_clearfix\">\n\t\t\t\t\t<div class=\"subrow_inner col_align_top tb_col_count_3 tf_box tf_w\">\n\t\t\t\t\t<div  data-lazy=\"1\" class=\"module_column sub_column col3-1 tb_9mdd861 first\">\n\t\t\t\t\t\t\t\t\t<div class=\"tb-column-inner tf_box tf_w\">\n\t\t\t\t<!-- module text -->\n<div  class=\"module module-text tb_qtvn861   \" data-lazy=\"1\">\n        <div  class=\"tb_text_wrap\">\n    <p>1<\/p>    <\/div>\n<\/div>\n<!-- \/module text --><!-- module text -->\n<div  class=\"module module-text tb_hnh2861   \" data-lazy=\"1\">\n        <div  class=\"tb_text_wrap\">\n    <p>El curso tiene 3 grandes m\u00f3dulos<br>(m\u00e1s un m\u00f3dulo de presentaci\u00f3n y uno de extra de recursos) <\/p>    <\/div>\n<\/div>\n<!-- \/module text -->\t\t\t\t<\/div><!-- .tb-column-inner -->\n\t\t\t\t\t\t<\/div><!-- .module_column -->\n\t\t\t\t\t<div  data-lazy=\"1\" class=\"module_column sub_column col3-1 tb_8ljt861\">\n\t\t\t\t\t\t\t\t\t<div class=\"tb-column-inner tf_box tf_w\">\n\t\t\t\t<!-- module text -->\n<div  class=\"module module-text tb_l14q861   \" data-lazy=\"1\">\n        <div  class=\"tb_text_wrap\">\n    <p>2<\/p>    <\/div>\n<\/div>\n<!-- \/module text --><!-- module text -->\n<div  class=\"module module-text tb_q04g862   \" data-lazy=\"1\">\n        <div  class=\"tb_text_wrap\">\n    <p>Puedes realizar el curso a tu ritmo, haciendo los m\u00f3dulos cuando a ti te vaya mejor<\/p>    <\/div>\n<\/div>\n<!-- \/module text -->\t\t\t\t<\/div><!-- .tb-column-inner -->\n\t\t\t\t\t\t<\/div><!-- .module_column -->\n\t\t\t\t\t<div  data-lazy=\"1\" class=\"module_column sub_column col3-1 tb_zvnn862 last\">\n\t\t\t\t\t\t\t\t\t<div class=\"tb-column-inner tf_box tf_w\">\n\t\t\t\t<!-- module text -->\n<div  class=\"module module-text tb_67yr862   \" data-lazy=\"1\">\n        <div  class=\"tb_text_wrap\">\n    <p>3<\/p>    <\/div>\n<\/div>\n<!-- \/module text --><!-- module text -->\n<div  class=\"module module-text tb_4zcl862   \" data-lazy=\"1\">\n        <div  class=\"tb_text_wrap\">\n    <p>Dispondr\u00e1s del contenido siempre que quieras<\/p>    <\/div>\n<\/div>\n<!-- \/module text -->\t\t\t\t<\/div><!-- .tb-column-inner -->\n\t\t\t\t\t\t<\/div><!-- .module_column -->\n\t\t\t\t\t\t<\/div><!-- .subrow_inner -->\n\t\t<\/div><!-- .themify_builder_sub_row -->\n\t\t\t\t\t\t\t\t<\/div><!-- .tb-column-inner -->\n\t\t\t\t\t\t<\/div><!-- .module_column -->\n\t\t\t\t\t\t<\/div><!-- .row_inner -->\n\t\t<\/div><!-- .module_row -->\n\t\t\t\t<\/div>\n<!--\/themify_builder_content-->","protected":false},"excerpt":{"rendered":"<p>Es importante tomar conciencia de muchas de las cosas que suceden despu\u00e9s de convertirte en madre para poder trabajarlas, mejorarlas y marcar bien los l\u00edmites sabiendo lo que t\u00fa deseas.<\/p>\n","protected":false},"featured_media":2751,"template":"","meta":[],"product_cat":[107],"product_tag":[],"acf":[],"builder_content":"<h3>C\u00f3mo funciona<\/h3>\n<p>1<\/p>\n<p>El curso tiene 3 grandes m\u00f3dulos<br>(m\u00e1s un m\u00f3dulo de presentaci\u00f3n y uno de extra de recursos) <\/p>\n<p>2<\/p>\n<p>Puedes realizar el curso a tu ritmo, haciendo los m\u00f3dulos cuando a ti te vaya mejor<\/p>\n<p>3<\/p>\n<p>Dispondr\u00e1s del contenido siempre que quieras<\/p>","_links":{"self":[{"href":"https:\/\/www.elenacrespi.com\/es\/wp-json\/wp\/v2\/product\/3648"}],"collection":[{"href":"https:\/\/www.elenacrespi.com\/es\/wp-json\/wp\/v2\/product"}],"about":[{"href":"https:\/\/www.elenacrespi.com\/es\/wp-json\/wp\/v2\/types\/product"}],"wp:featuredmedia":[{"embeddable":true,"href":"https:\/\/www.elenacrespi.com\/es\/wp-json\/wp\/v2\/media\/2751"}],"wp:attachment":[{"href":"https:\/\/www.elenacrespi.com\/es\/wp-json\/wp\/v2\/media?parent=3648"}],"wp:term":[{"taxonomy":"product_cat","embeddable":true,"href":"https:\/\/www.elenacrespi.com\/es\/wp-json\/wp\/v2\/product_cat?post=3648"},{"taxonomy":"product_tag","embeddable":true,"href":"https:\/\/www.elenacrespi.com\/es\/wp-json\/wp\/v2\/product_tag?post=3648"}],"curies":[{"name":"wp","href":"https:\/\/api.w.org\/{rel}","templated":true}]}}