{"id":3650,"date":"2022-10-10T13:07:21","date_gmt":"2022-10-10T11:07:21","guid":{"rendered":"https:\/\/www.elenacrespi.com\/producte\/album\/"},"modified":"2022-11-28T17:58:28","modified_gmt":"2022-11-28T16:58:28","slug":"educacion-sexual-feminista","status":"publish","type":"product","link":"https:\/\/www.elenacrespi.com\/es\/producto\/educacion-sexual-feminista\/","title":{"rendered":"Educaci\u00f3n sexual feminista"},"content":{"rendered":"<p>La educaci\u00f3n de nuestros ni\u00f1os es clave para vencer las desigualdades de g\u00e9nero, para vencer al machismo y para tener una educaci\u00f3n sexual saludable, respetuosa y feminista. Y por eso, debemos:<\/p>\n<p>&#8211; Tomar conciencia de qu\u00e9 es el machismo.<br \/>\n&#8211; Conocer el machismo m\u00e1s evidente y, tambi\u00e9n, lo invisible<br \/>\n&#8211; Descubrir c\u00f3mo educamos a los ni\u00f1os seg\u00fan el sesgo social de g\u00e9nero.<br \/>\n&#8211; Tener alternativas no machistas para realizar una educaci\u00f3n sexual feminista<\/p>\n<!--themify_builder_content-->\n<div id=\"themify_builder_content-3650\" data-postid=\"3650\" class=\"themify_builder_content themify_builder_content-3650 themify_builder tf_clear\">\n    \t\t\t\t<!-- module_row -->\n\t\t<div  data-css_id=\"8abj507\" data-lazy=\"1\" class=\"module_row themify_builder_row fullwidth_row_container tb_8abj507 tb_first tf_w tf_clearfix\">\n\t\t\t\t\t<div class=\"row_inner col_align_top tb_col_count_1 tf_box tf_rel\">\n\t\t\t\t\t<div  data-lazy=\"1\" class=\"module_column tb-column col-full tb_ue5b507 first\">\n\t\t\t\t\t\t\t\t\t<div class=\"tb-column-inner tf_box tf_w\">\n\t\t\t\t<!-- module text -->\n<div  class=\"module module-text tb_1p1h508   \" data-lazy=\"1\">\n        <div  class=\"tb_text_wrap\">\n    <h3>C\u00f3mo funciona<\/h3>    <\/div>\n<\/div>\n<!-- \/module text -->\t\t<div  data-lazy=\"1\" class=\"module_subrow themify_builder_sub_row tb_hq46508 tf_w tf_clearfix\">\n\t\t\t\t\t<div class=\"subrow_inner col_align_top tb_col_count_3 tf_box tf_w\">\n\t\t\t\t\t<div  data-lazy=\"1\" class=\"module_column sub_column col3-1 tb_w7xk508 first\">\n\t\t\t\t\t\t\t\t\t<div class=\"tb-column-inner tf_box tf_w\">\n\t\t\t\t<!-- module text -->\n<div  class=\"module module-text tb_vhto508   \" data-lazy=\"1\">\n        <div  class=\"tb_text_wrap\">\n    <p>1<\/p>    <\/div>\n<\/div>\n<!-- \/module text --><!-- module text -->\n<div  class=\"module module-text tb_ec3d509   \" data-lazy=\"1\">\n        <div  class=\"tb_text_wrap\">\n    <p>El curso tiene 7 grandes m\u00f3dulos<br>(m\u00e1s un m\u00f3dulo de presentaci\u00f3n y uno de extra de recursos)<\/p>    <\/div>\n<\/div>\n<!-- \/module text -->\t\t\t\t<\/div><!-- .tb-column-inner -->\n\t\t\t\t\t\t<\/div><!-- .module_column -->\n\t\t\t\t\t<div  data-lazy=\"1\" class=\"module_column sub_column col3-1 tb_lupk509\">\n\t\t\t\t\t\t\t\t\t<div class=\"tb-column-inner tf_box tf_w\">\n\t\t\t\t<!-- module text -->\n<div  class=\"module module-text tb_2sqf509   \" data-lazy=\"1\">\n        <div  class=\"tb_text_wrap\">\n    <p>2<\/p>    <\/div>\n<\/div>\n<!-- \/module text --><!-- module text -->\n<div  class=\"module module-text tb_bugz509   \" data-lazy=\"1\">\n        <div  class=\"tb_text_wrap\">\n    <p>Puedes realizar el curso a tu ritmo, haciendo los m\u00f3dulos cuando a ti te vaya mejor<\/p>    <\/div>\n<\/div>\n<!-- \/module text -->\t\t\t\t<\/div><!-- .tb-column-inner -->\n\t\t\t\t\t\t<\/div><!-- .module_column -->\n\t\t\t\t\t<div  data-lazy=\"1\" class=\"module_column sub_column col3-1 tb_tm7u509 last\">\n\t\t\t\t\t\t\t\t\t<div class=\"tb-column-inner tf_box tf_w\">\n\t\t\t\t<!-- module text -->\n<div  class=\"module module-text tb_4fu2509   \" data-lazy=\"1\">\n        <div  class=\"tb_text_wrap\">\n    <p>3<\/p>    <\/div>\n<\/div>\n<!-- \/module text --><!-- module text -->\n<div  class=\"module module-text tb_3wj7509   \" data-lazy=\"1\">\n        <div  class=\"tb_text_wrap\">\n    <p>Dispondr\u00e1s del contenido siempre que quieras<\/p>    <\/div>\n<\/div>\n<!-- \/module text -->\t\t\t\t<\/div><!-- .tb-column-inner -->\n\t\t\t\t\t\t<\/div><!-- .module_column -->\n\t\t\t\t\t\t<\/div><!-- .subrow_inner -->\n\t\t<\/div><!-- .themify_builder_sub_row -->\n\t\t\t\t\t\t\t\t<\/div><!-- .tb-column-inner -->\n\t\t\t\t\t\t<\/div><!-- .module_column -->\n\t\t\t\t\t\t<\/div><!-- .row_inner -->\n\t\t<\/div><!-- .module_row -->\n\t\t\t\t<\/div>\n<!--\/themify_builder_content-->","protected":false},"excerpt":{"rendered":"<p>Si hacemos una educaci\u00f3n sexual sin tomar conciencia ense\u00f1aremos una educaci\u00f3n sexual machista y cuando los ni\u00f1os se convierta en adolescentes y personas adultas integrar\u00e1n el machismo con normalidad y lo reproducir\u00e1n una y otra vez. Por eso es importante aprender una educaci\u00f3n feminista para dar un giro a esta educaci\u00f3n patriarcal que hemos recibido.<\/p>\n","protected":false},"featured_media":2616,"template":"","meta":[],"product_cat":[107],"product_tag":[],"acf":[],"builder_content":"<h3>C\u00f3mo funciona<\/h3>\n<p>1<\/p>\n<p>El curso tiene 7 grandes m\u00f3dulos<br>(m\u00e1s un m\u00f3dulo de presentaci\u00f3n y uno de extra de recursos)<\/p>\n<p>2<\/p>\n<p>Puedes realizar el curso a tu ritmo, haciendo los m\u00f3dulos cuando a ti te vaya mejor<\/p>\n<p>3<\/p>\n<p>Dispondr\u00e1s del contenido siempre que quieras<\/p>","_links":{"self":[{"href":"https:\/\/www.elenacrespi.com\/es\/wp-json\/wp\/v2\/product\/3650"}],"collection":[{"href":"https:\/\/www.elenacrespi.com\/es\/wp-json\/wp\/v2\/product"}],"about":[{"href":"https:\/\/www.elenacrespi.com\/es\/wp-json\/wp\/v2\/types\/product"}],"wp:featuredmedia":[{"embeddable":true,"href":"https:\/\/www.elenacrespi.com\/es\/wp-json\/wp\/v2\/media\/2616"}],"wp:attachment":[{"href":"https:\/\/www.elenacrespi.com\/es\/wp-json\/wp\/v2\/media?parent=3650"}],"wp:term":[{"taxonomy":"product_cat","embeddable":true,"href":"https:\/\/www.elenacrespi.com\/es\/wp-json\/wp\/v2\/product_cat?post=3650"},{"taxonomy":"product_tag","embeddable":true,"href":"https:\/\/www.elenacrespi.com\/es\/wp-json\/wp\/v2\/product_tag?post=3650"}],"curies":[{"name":"wp","href":"https:\/\/api.w.org\/{rel}","templated":true}]}}