{"id":5078,"date":"2024-05-06T15:48:59","date_gmt":"2024-05-06T13:48:59","guid":{"rendered":"https:\/\/www.elenacrespi.com\/producto\/consulta-online\/"},"modified":"2024-05-14T11:36:25","modified_gmt":"2024-05-14T09:36:25","slug":"consulta-online","status":"publish","type":"product","link":"https:\/\/www.elenacrespi.com\/es\/producto\/consulta-online\/","title":{"rendered":"Consulta online"},"content":{"rendered":"<!--themify_builder_content-->\n<div id=\"themify_builder_content-5078\" data-postid=\"5078\" class=\"themify_builder_content themify_builder_content-5078 themify_builder tf_clear\">\n    <\/div>\n<!--\/themify_builder_content-->\n","protected":false},"excerpt":{"rendered":"<p>Quiz\u00e1s tienes algunas dificultades pero no te planteas hacer terapia. De todas formas, te gustar\u00eda que alguien pudiera echarte una mano y ayudarte a aclarar algunas cosas. Puedo ayudarte si te preocupa algo relacionado con la sexualidad, las relaciones sexo-afectivas o de pareja, el feminismo y la ma(pa)ternidad.<\/p>\n<p>Te propongo que me env\u00edes tus dudas o preguntas y te ayudar\u00e9 con una respuesta personalizada que podr\u00e1 ayudarte a mejorar. Todas las respuestas son personalizadas. Si con lo que me explicas en el cuestionario me queda alguna duda, contactar\u00e9 contigo para aclararlo y responderte mejor.<\/p>\n<p>Para poder responderte de manera m\u00e1s precisa y personal necesito un poco de informaci\u00f3n y por eso te pido que rellenes el formulario que encontrar\u00e1s a continuaci\u00f3n.<\/p>\n<p>La respuesta te la enviar\u00e9 con un audio y puedes escoger si lo recibes por whatsapp o por telegram.<\/p>\n","protected":false},"featured_media":5062,"template":"","meta":[],"product_cat":[179],"product_tag":[],"acf":[],"builder_content":"","_links":{"self":[{"href":"https:\/\/www.elenacrespi.com\/es\/wp-json\/wp\/v2\/product\/5078"}],"collection":[{"href":"https:\/\/www.elenacrespi.com\/es\/wp-json\/wp\/v2\/product"}],"about":[{"href":"https:\/\/www.elenacrespi.com\/es\/wp-json\/wp\/v2\/types\/product"}],"wp:featuredmedia":[{"embeddable":true,"href":"https:\/\/www.elenacrespi.com\/es\/wp-json\/wp\/v2\/media\/5062"}],"wp:attachment":[{"href":"https:\/\/www.elenacrespi.com\/es\/wp-json\/wp\/v2\/media?parent=5078"}],"wp:term":[{"taxonomy":"product_cat","embeddable":true,"href":"https:\/\/www.elenacrespi.com\/es\/wp-json\/wp\/v2\/product_cat?post=5078"},{"taxonomy":"product_tag","embeddable":true,"href":"https:\/\/www.elenacrespi.com\/es\/wp-json\/wp\/v2\/product_tag?post=5078"}],"curies":[{"name":"wp","href":"https:\/\/api.w.org\/{rel}","templated":true}]}}