{"id":5137,"date":"2024-11-19T08:26:28","date_gmt":"2024-11-19T07:26:28","guid":{"rendered":"https:\/\/www.elenacrespi.com\/producto\/sortir-de-mare\/"},"modified":"2024-11-19T08:35:35","modified_gmt":"2024-11-19T07:35:35","slug":"sortir-de-mare","status":"publish","type":"product","link":"https:\/\/www.elenacrespi.com\/es\/producto\/sortir-de-mare\/","title":{"rendered":"Sortir de Mare"},"content":{"rendered":"<p>Cuando la maternidad est\u00e1 cerca y se despierta la chispa del feminismo, es el momento para conocer las muchas maneras de gestar, de parir y de criar que hay en el mundo, y tambi\u00e9n de hacer mucho m\u00e1s diverso y rico nuestro imaginario colectivo sobre c\u00f3mo son las familias.<\/p>\n<p>Con Salir de madre Elena Crespi y Asensio, madre, psic\u00f3loga y m\u00e1ster en Terapia sexual y de pareja, aborda el tema de la maternidad y de la paternidad desde la perspectiva feminista, y nos explica todos los procesos que se incluyen desde un enfoque inclusivo y diverso.<\/p>\n<p>Un tema universal y de siempre contado con mucho respeto y de una manera abierta, diferente y rompedora.<\/p>\n<!--themify_builder_content-->\n<div id=\"themify_builder_content-5137\" data-postid=\"5137\" class=\"themify_builder_content themify_builder_content-5137 themify_builder tf_clear\">\n    <\/div>\n<!--\/themify_builder_content-->\n","protected":false},"excerpt":{"rendered":"<p><strong>Una nueva visi\u00f3n sobre la maternidad explicada desde la perspectiva del feminismo y la diversidad.<\/strong><\/p>\n<p>\u201cEn el d\u00eda a d\u00eda encontramos que maternar y paternar viven en desequilibrio, sobre todo si tenemos en cuenta que nos han educado en un modelo machista donde se da por hecho que todo el mundo es cisheterosexual\u201d\u201d.<\/p>\n","protected":false},"featured_media":2223,"template":"","meta":[],"product_cat":[204],"product_tag":[],"acf":[],"builder_content":"","_links":{"self":[{"href":"https:\/\/www.elenacrespi.com\/es\/wp-json\/wp\/v2\/product\/5137"}],"collection":[{"href":"https:\/\/www.elenacrespi.com\/es\/wp-json\/wp\/v2\/product"}],"about":[{"href":"https:\/\/www.elenacrespi.com\/es\/wp-json\/wp\/v2\/types\/product"}],"wp:featuredmedia":[{"embeddable":true,"href":"https:\/\/www.elenacrespi.com\/es\/wp-json\/wp\/v2\/media\/2223"}],"wp:attachment":[{"href":"https:\/\/www.elenacrespi.com\/es\/wp-json\/wp\/v2\/media?parent=5137"}],"wp:term":[{"taxonomy":"product_cat","embeddable":true,"href":"https:\/\/www.elenacrespi.com\/es\/wp-json\/wp\/v2\/product_cat?post=5137"},{"taxonomy":"product_tag","embeddable":true,"href":"https:\/\/www.elenacrespi.com\/es\/wp-json\/wp\/v2\/product_tag?post=5137"}],"curies":[{"name":"wp","href":"https:\/\/api.w.org\/{rel}","templated":true}]}}