{"id":5145,"date":"2024-11-19T08:42:53","date_gmt":"2024-11-19T07:42:53","guid":{"rendered":"https:\/\/www.elenacrespi.com\/producto\/habla-con-ellos-de-sexualidad\/"},"modified":"2024-11-19T08:47:33","modified_gmt":"2024-11-19T07:47:33","slug":"habla-con-ellos-de-sexualidad","status":"publish","type":"product","link":"https:\/\/www.elenacrespi.com\/es\/producto\/habla-con-ellos-de-sexualidad\/","title":{"rendered":"Habla con ellos de sexualidad"},"content":{"rendered":"<div class=\"p_leer_mas p_leer_mas_prod\">\n<p>El primer t\u00edtulo de una nueva colecci\u00f3n que aborda el punto de vista de padres e hijos sobre los temas de parenting m\u00e1s actuales.<\/p>\n<p>Frente a los riesgos y a los desaf\u00edos de un presente cada vez m\u00e1s complejo, la educaci\u00f3n sexual de las nuevas generaciones es una preocupaci\u00f3n compartida tanto por los padres como por sus hijos. Con este libro queremos ofrecer una herramienta nueva para abordar estos temas en casa o entre iguales, con la vista puesta en romper los estereotipos y conseguir una vida sexual y afectiva sana.<\/p>\n<p>Il\u00b7lustracions:\u00a0d\u2019Elisenda Soler<\/p>\n<\/div>\n<!--themify_builder_content-->\n<div id=\"themify_builder_content-5145\" data-postid=\"5145\" class=\"themify_builder_content themify_builder_content-5145 themify_builder tf_clear\">\n    <\/div>\n<!--\/themify_builder_content-->\n","protected":false},"excerpt":{"rendered":"<div class=\"p_leer_mas p_leer_mas_prod\">\n<p>El primer t\u00edtulo de una nueva colecci\u00f3n que aborda el punto de vista de padres e hijos sobre los temas de parenting m\u00e1s actuales.<\/p>\n<p>Frente a los riesgos y a los desaf\u00edos de un presente cada vez m\u00e1s complejo, la educaci\u00f3n sexual de las nuevas generaciones es una preocupaci\u00f3n compartida tanto por los padres como por sus hijos. Con este libro queremos ofrecer una herramienta nueva para abordar estos temas en casa o entre iguales, con la vista puesta en romper los estereotipos y conseguir una vida sexual y afectiva sana.<\/p>\n<p>Il\u00b7lustracions:\u00a0d\u2019Elisenda Soler<\/p>\n<\/div>\n","protected":false},"featured_media":2219,"template":"","meta":[],"product_cat":[204],"product_tag":[],"acf":[],"builder_content":"","_links":{"self":[{"href":"https:\/\/www.elenacrespi.com\/es\/wp-json\/wp\/v2\/product\/5145"}],"collection":[{"href":"https:\/\/www.elenacrespi.com\/es\/wp-json\/wp\/v2\/product"}],"about":[{"href":"https:\/\/www.elenacrespi.com\/es\/wp-json\/wp\/v2\/types\/product"}],"wp:featuredmedia":[{"embeddable":true,"href":"https:\/\/www.elenacrespi.com\/es\/wp-json\/wp\/v2\/media\/2219"}],"wp:attachment":[{"href":"https:\/\/www.elenacrespi.com\/es\/wp-json\/wp\/v2\/media?parent=5145"}],"wp:term":[{"taxonomy":"product_cat","embeddable":true,"href":"https:\/\/www.elenacrespi.com\/es\/wp-json\/wp\/v2\/product_cat?post=5145"},{"taxonomy":"product_tag","embeddable":true,"href":"https:\/\/www.elenacrespi.com\/es\/wp-json\/wp\/v2\/product_tag?post=5145"}],"curies":[{"name":"wp","href":"https:\/\/api.w.org\/{rel}","templated":true}]}}