{"id":5148,"date":"2024-11-19T08:50:47","date_gmt":"2024-11-19T07:50:47","guid":{"rendered":"https:\/\/www.elenacrespi.com\/producto\/terapia-sexual-en-pareja\/"},"modified":"2024-11-19T09:54:34","modified_gmt":"2024-11-19T08:54:34","slug":"terapia-sexual-en-pareja","status":"publish","type":"product","link":"https:\/\/www.elenacrespi.com\/es\/producto\/terapia-sexual-en-pareja\/","title":{"rendered":"Terapia sexual en pareja"},"content":{"rendered":"<p>Esta gu\u00eda se enmarca la terapia sexual dentro del proceso terap\u00e9utico, teniendo en cuenta al paciente y sus circunstancias desde un punto de vista sist\u00e9mico, breve e integrador. Se establecen los pasos para seguir una terapia sexual dependiendo de la disfunci\u00f3n y se dan las claves para conocer al paciente y contextualizar la terapia en un enfoque que vaya m\u00e1s all\u00e1 del asesoramiento sexol\u00f3gico.<\/p>\n<!--themify_builder_content-->\n<div id=\"themify_builder_content-5148\" data-postid=\"5148\" class=\"themify_builder_content themify_builder_content-5148 themify_builder tf_clear\">\n    <\/div>\n<!--\/themify_builder_content-->\n","protected":false},"excerpt":{"rendered":"<div class=\"module module-text tb_u5x0171\">\n<div class=\"tb_text_wrap\">\n<div class=\"module module-text tb_r1hp857\">\n<div class=\"tb_text_wrap\">\n<p>Dirigida principalmente a los profesionales que trabajan en el contexto de la sexolog\u00eda cl\u00ednica, la obra pretende sentar las bases de una sexualidad saludable para que, tanto a nivel profesional como a nivel personal, se trabajen algunos aspectos que son muy importantes para disfrutar de una buena salud sexual, para que cualquier lector interesado en el tema pueda reflexionar y aprender a gozar de una mejor sexualidad en pareja.<\/p>\n<\/div>\n<\/div>\n<\/div>\n<\/div>\n","protected":false},"featured_media":2225,"template":"","meta":[],"product_cat":[204],"product_tag":[],"acf":[],"builder_content":"","_links":{"self":[{"href":"https:\/\/www.elenacrespi.com\/es\/wp-json\/wp\/v2\/product\/5148"}],"collection":[{"href":"https:\/\/www.elenacrespi.com\/es\/wp-json\/wp\/v2\/product"}],"about":[{"href":"https:\/\/www.elenacrespi.com\/es\/wp-json\/wp\/v2\/types\/product"}],"wp:featuredmedia":[{"embeddable":true,"href":"https:\/\/www.elenacrespi.com\/es\/wp-json\/wp\/v2\/media\/2225"}],"wp:attachment":[{"href":"https:\/\/www.elenacrespi.com\/es\/wp-json\/wp\/v2\/media?parent=5148"}],"wp:term":[{"taxonomy":"product_cat","embeddable":true,"href":"https:\/\/www.elenacrespi.com\/es\/wp-json\/wp\/v2\/product_cat?post=5148"},{"taxonomy":"product_tag","embeddable":true,"href":"https:\/\/www.elenacrespi.com\/es\/wp-json\/wp\/v2\/product_tag?post=5148"}],"curies":[{"name":"wp","href":"https:\/\/api.w.org\/{rel}","templated":true}]}}