{"id":5150,"date":"2024-11-19T08:56:43","date_gmt":"2024-11-19T07:56:43","guid":{"rendered":"https:\/\/www.elenacrespi.com\/producto\/adolescents-el-consultori\/"},"modified":"2024-11-19T09:04:14","modified_gmt":"2024-11-19T08:04:14","slug":"adolescents-el-consultori","status":"publish","type":"product","link":"https:\/\/www.elenacrespi.com\/es\/producto\/adolescents-el-consultori\/","title":{"rendered":"Adolescents. El consultori"},"content":{"rendered":"<p>\u201c\u00bfEstoy gorda?\u201d, \u201cNo s\u00e9 qu\u00e9 siento\u201d, \u201cNo me gusta mi cuerpo\u201d, \u201cMi mejor amiga est\u00e1 m\u00e1s por su novio que por m\u00ed\u201d, \u201cInseguridad a tope\u201d \u201cDesanimada, ay\u00fadame\u201d , \u201cMucha masturbaci\u00f3n\u201d, \u201c\u00bfEnamoramiento u obsesi\u00f3n?\u201d, \u201cBff, problema de erecci\u00f3n\u201d, \u201cTengo miedo de cagarla con mi novio\u201d, \u201c\u00bfPensar\u00e1 que soy una estrecha?\u201d, \u201cNo me he liado con ninguna chica y mis amigos s\u00ed\u201d, \u201cCond\u00f3n en una felaci\u00f3n\u201d\u2026<\/p>\n<p>El consultorio se divide en tres grandes, blogs, psicolog\u00eda, sexualidad y alimentaci\u00f3n y est\u00e1 dirigido por psic\u00f3logos expertos en j\u00f3venes. Con la colaboraci\u00f3n del Instituto de Estudios de la Sexualidad y de la Pareja, y la Direcci\u00f3n General de Juventud de la Generalitat de Catalunya.<\/p>\n<!--themify_builder_content-->\n<div id=\"themify_builder_content-5150\" data-postid=\"5150\" class=\"themify_builder_content themify_builder_content-5150 themify_builder tf_clear\">\n    <\/div>\n<!--\/themify_builder_content-->\n","protected":false},"excerpt":{"rendered":"<p><strong>Todo lo que no te atreves a preguntar a tus padres.<\/strong><\/p>\n<p>Cuando un adolescente tiene dudas o preocupaciones sobre temas delicados (sexo, autoestima, aspecto f\u00edsico\u2026), encuentra que a veces los amigos est\u00e1n igual o peor\u2026 Y no siempre se atreve a pregunt\u00e1rselo a los padres. \u00bfQu\u00e9 hace? Pues se dirige al consultorio de Adolescents.cat.<\/p>\n","protected":false},"featured_media":2217,"template":"","meta":[],"product_cat":[204],"product_tag":[],"acf":[],"builder_content":"","_links":{"self":[{"href":"https:\/\/www.elenacrespi.com\/es\/wp-json\/wp\/v2\/product\/5150"}],"collection":[{"href":"https:\/\/www.elenacrespi.com\/es\/wp-json\/wp\/v2\/product"}],"about":[{"href":"https:\/\/www.elenacrespi.com\/es\/wp-json\/wp\/v2\/types\/product"}],"wp:featuredmedia":[{"embeddable":true,"href":"https:\/\/www.elenacrespi.com\/es\/wp-json\/wp\/v2\/media\/2217"}],"wp:attachment":[{"href":"https:\/\/www.elenacrespi.com\/es\/wp-json\/wp\/v2\/media?parent=5150"}],"wp:term":[{"taxonomy":"product_cat","embeddable":true,"href":"https:\/\/www.elenacrespi.com\/es\/wp-json\/wp\/v2\/product_cat?post=5150"},{"taxonomy":"product_tag","embeddable":true,"href":"https:\/\/www.elenacrespi.com\/es\/wp-json\/wp\/v2\/product_tag?post=5150"}],"curies":[{"name":"wp","href":"https:\/\/api.w.org\/{rel}","templated":true}]}}