{"id":5157,"date":"2024-11-19T09:12:06","date_gmt":"2024-11-19T08:12:06","guid":{"rendered":"https:\/\/www.elenacrespi.com\/producto\/hola-sexo\/"},"modified":"2024-11-19T09:12:06","modified_gmt":"2024-11-19T08:12:06","slug":"hola-sexo","status":"publish","type":"product","link":"https:\/\/www.elenacrespi.com\/es\/producto\/hola-sexo\/","title":{"rendered":"\u00a1Hola, sexo!"},"content":{"rendered":"<div>\n<p class=\"x_MsoNormal\" data-olk-copy-source=\"MessageBody\">Seguro que alguna vez te has preguntado qu\u00e9 es la\u00a0<strong>menstruaci\u00f3n\u00a0<\/strong>y c\u00f3mo funciona, qu\u00e9 es la\u00a0<strong>masturbaci\u00f3n<\/strong>, c\u00f3mo es el proceso para que nazca un\u00a0<strong>beb\u00e9<\/strong>&#8230; Con este libro, podr\u00e1s dar respuesta a estas y muchas preguntas m\u00e1s y conocer todo lo que necesitas saber sobre tu\u00a0<strong>cuerpo\u00a0<\/strong>y tu\u00a0<strong>sexualidad\u00a0<\/strong>para entender que no hay nada malo en \u00e9l.<\/p>\n<\/div>\n<div>\n<p class=\"x_MsoNormal\"><strong>\u00a1Es hora de dejar la verg\u00fcenza y los miedos a un lado y decirle \u00abhola\u00bb al SEXO!<\/strong><\/p>\n<\/div>\n<div>\n<p class=\"x_MsoNormal\"><strong><u>\u00bfQu\u00e9 encontrar\u00e1s en este libro?<\/u><\/strong><\/p>\n<\/div>\n<div>\n<p class=\"x_MsoNormal\">-Informaci\u00f3n sobre sexolog\u00eda explicada de forma sencilla y pr\u00e1ctica\u00a0<strong>para ni\u00f1os y ni\u00f1as a partir de 9 a\u00f1os.<\/strong><\/p>\n<\/div>\n<div>\n<p class=\"x_MsoNormal\">-Contenido de la mano de\u00a0<strong>Elena Crespi Asensio<\/strong>, psic\u00f3loga especializada en terapia de pareja, sexolog\u00eda, terapia familiar y psicolog\u00eda perinatal.<\/p>\n<\/div>\n<div>\n<p class=\"x_MsoNormal\">&#8211;<strong>Ilustraciones para facilitar la comprensi\u00f3n\u00a0<\/strong>y hacer la lectura m\u00e1s \u00e1gil.<\/p>\n<\/div>\n<div>\n<p class=\"x_MsoNormal\">&#8211;<strong>Con actividades<\/strong> para que, adem\u00e1s de aprender, conozcan su propia sexualidad.<\/p>\n<\/div>\n<div>\n<p class=\"x_MsoNormal\">&#8211;<strong>Incluye una carta para padres, cuidadores y profesores<\/strong> para acompa\u00f1ar a los ni\u00f1os y preadolescentes en el proceso.<\/p>\n<\/div>\n<div>\n<p class=\"x_MsoNormal\"><strong>\u00ab\u00a1Hola, cambios!\u00bb<\/strong> es una colecci\u00f3n que acompa\u00f1a a los adolescentes en su desarrollo emocional, cognitivo y f\u00edsico de la mano de diferentes expertos en cada materia. Estos libros contienen herramientas, actividades y recursos pr\u00e1cticos para trabajar la autoestima y la educaci\u00f3n sexual de una manera atractiva y sencilla.<\/p>\n<\/div>\n<div>\n<p class=\"x_MsoNormal\"><strong><u>Edad: a partir de 9 a\u00f1os, pero siempre depender\u00e1 de cada chico o chica. Recomendamos la lectura en familia o el acompa\u00f1amiento de los padres para poder resolver las dudas que puedan surgir a los lectores.<\/u><\/strong><\/p>\n<\/div>\n<!--themify_builder_content-->\n<div id=\"themify_builder_content-5157\" data-postid=\"5157\" class=\"themify_builder_content themify_builder_content-5157 themify_builder tf_clear\">\n    <\/div>\n<!--\/themify_builder_content-->\n","protected":false},"excerpt":{"rendered":"<div>\n<p class=\"x_MsoNormal\"><span class=\"x_h2\" data-olk-copy-source=\"MessageBody\">Todo lo que necesitas saber sobre sexualidad sin miedos ni verg\u00fcenzas<\/span><\/p>\n<\/div>\n<div>\n<div>\n<p class=\"x_MsoNormal\">En la adolescencia, el cuerpo sufre una gran transformaci\u00f3n, y en ocasiones eso puede generar inseguridades, confusi\u00f3n o que no te sientas bien con tu cuerpo. Por todo eso, tener curiosidad es de lo m\u00e1s normal y sano, y no tienes que sentir verg\u00fcenza por querer saber m\u00e1s sobre tu cuerpo y todos los cambios que trae consigo la adolescencia.<\/p>\n<\/div>\n<div>\n<p class=\"x_MsoNormal\">\n<\/div>\n<\/div>\n","protected":false},"featured_media":5156,"template":"","meta":[],"product_cat":[204],"product_tag":[],"acf":[],"builder_content":"","_links":{"self":[{"href":"https:\/\/www.elenacrespi.com\/es\/wp-json\/wp\/v2\/product\/5157"}],"collection":[{"href":"https:\/\/www.elenacrespi.com\/es\/wp-json\/wp\/v2\/product"}],"about":[{"href":"https:\/\/www.elenacrespi.com\/es\/wp-json\/wp\/v2\/types\/product"}],"wp:featuredmedia":[{"embeddable":true,"href":"https:\/\/www.elenacrespi.com\/es\/wp-json\/wp\/v2\/media\/5156"}],"wp:attachment":[{"href":"https:\/\/www.elenacrespi.com\/es\/wp-json\/wp\/v2\/media?parent=5157"}],"wp:term":[{"taxonomy":"product_cat","embeddable":true,"href":"https:\/\/www.elenacrespi.com\/es\/wp-json\/wp\/v2\/product_cat?post=5157"},{"taxonomy":"product_tag","embeddable":true,"href":"https:\/\/www.elenacrespi.com\/es\/wp-json\/wp\/v2\/product_tag?post=5157"}],"curies":[{"name":"wp","href":"https:\/\/api.w.org\/{rel}","templated":true}]}}