{"id":5161,"date":"2024-11-19T09:15:53","date_gmt":"2024-11-19T08:15:53","guid":{"rendered":"https:\/\/www.elenacrespi.com\/producto\/el-negoci-dels-nadons-la-gestacio-subrogada\/"},"modified":"2024-11-19T09:15:53","modified_gmt":"2024-11-19T08:15:53","slug":"el-negoci-dels-nadons-la-gestacio-subrogada","status":"publish","type":"product","link":"https:\/\/www.elenacrespi.com\/es\/producto\/el-negoci-dels-nadons-la-gestacio-subrogada\/","title":{"rendered":"El negoci dels nadons. La gestaci\u00f3 subrogada"},"content":{"rendered":"<div>\n<p class=\"x_MsoNormal\" data-olk-copy-source=\"MessageBody\">Partint de la base que la necessitat econ\u00f2mica \u00e9s la principal motivaci\u00f3 de les dones que se sotmeten a la gestaci\u00f3 subrogada,\u00a0<em>El negoci dels nadons<\/em> indaga sobre les empreses que se\u2019n beneficien, les granges de mares, les conseq\u00fc\u00e8ncies per als nadons i les mares gestants \u2014tant f\u00edsiques com psicol\u00f2giques\u2014, els contractes, les males praxis i les m\u00e0fies. Gr\u00e0cies a la feina d\u2019activistes, feministes i investigadores, Crespi elabora un mapa de com s\u2019est\u00e0 configurant l\u2019explotaci\u00f3 reproductiva i convida a la reflexi\u00f3 per erradicar-la.<\/p>\n<\/div>\n<div>\n<p class=\"x_MsoNormal\">La gestaci\u00f3 subrogada \u00e9s una nova forma d\u2019explotaci\u00f3 dels cossos de les dones i converteix els nadons en mercaderies. Aquesta \u00e9s la tesi que travessa aquest llibre, que pret\u00e9n desemmascarar una forma de funcionar que troba la seva l\u00f2gica en el capitalisme m\u00e9s salvatge.<\/p>\n<\/div>\n<div>\n<p class=\"x_MsoNormal\"><strong>Es pot comprar tot?<\/strong><\/p>\n<\/div>\n<div>\n<p class=\"x_MsoNormal\"><strong>Cal con\u00e8ixer qui es beneficia realment de la gestaci\u00f3 subrogada i a qui i com li afecta aquesta pr\u00e0ctica. Amb reflexions d\u2019Angela Davis, Silvia Federici, Patricia Merino i Layla Mart\u00ednez, entre d\u2019altres, Crespi rebutja l\u2019explotaci\u00f3 reproductiva i convida a garantir els drets humans per a tothom.<\/strong><\/p>\n<\/div>\n<div>\n<p class=\"x_MsoNormal\">Ser mare o pare \u00e9s un dret? Podem equiparar el desig o la voluntat de tenir una criatura amb l\u2019exercici d\u2019un dret? Com vulnera aquesta pr\u00e0ctica els drets de les mares i els infants? Hauria de ser possible comprar un \u00e9sser hum\u00e0?<\/p>\n<\/div>\n<!--themify_builder_content-->\n<div id=\"themify_builder_content-5161\" data-postid=\"5161\" class=\"themify_builder_content themify_builder_content-5161 themify_builder tf_clear\">\n    <\/div>\n<!--\/themify_builder_content-->\n","protected":false},"excerpt":{"rendered":"<div>\n<p class=\"x_MsoNormal\" data-olk-copy-source=\"MessageBody\">Comprar un altre \u00e9sser hum\u00e0 no hauria de ser possible. Elena Crespi investiga sobre els aspectes m\u00e9s ocults de la gestaci\u00f3 subrogada, una pr\u00e0ctica en expansi\u00f3 que permet la compra de persones i vulnera els drets humans arreu del m\u00f3n.<\/p>\n<\/div>\n","protected":false},"featured_media":5160,"template":"","meta":[],"product_cat":[204],"product_tag":[],"acf":[],"builder_content":"","_links":{"self":[{"href":"https:\/\/www.elenacrespi.com\/es\/wp-json\/wp\/v2\/product\/5161"}],"collection":[{"href":"https:\/\/www.elenacrespi.com\/es\/wp-json\/wp\/v2\/product"}],"about":[{"href":"https:\/\/www.elenacrespi.com\/es\/wp-json\/wp\/v2\/types\/product"}],"wp:featuredmedia":[{"embeddable":true,"href":"https:\/\/www.elenacrespi.com\/es\/wp-json\/wp\/v2\/media\/5160"}],"wp:attachment":[{"href":"https:\/\/www.elenacrespi.com\/es\/wp-json\/wp\/v2\/media?parent=5161"}],"wp:term":[{"taxonomy":"product_cat","embeddable":true,"href":"https:\/\/www.elenacrespi.com\/es\/wp-json\/wp\/v2\/product_cat?post=5161"},{"taxonomy":"product_tag","embeddable":true,"href":"https:\/\/www.elenacrespi.com\/es\/wp-json\/wp\/v2\/product_tag?post=5161"}],"curies":[{"name":"wp","href":"https:\/\/api.w.org\/{rel}","templated":true}]}}