{"id":5284,"date":"2025-01-02T12:11:50","date_gmt":"2025-01-02T11:11:50","guid":{"rendered":"https:\/\/www.elenacrespi.com\/producto\/confidencies-viatge-sexualitat\/"},"modified":"2025-01-02T12:11:50","modified_gmt":"2025-01-02T11:11:50","slug":"confidencies-viatge-sexualitat","status":"publish","type":"product","link":"https:\/\/www.elenacrespi.com\/es\/producto\/confidencies-viatge-sexualitat\/","title":{"rendered":"Confid\u00e8ncies"},"content":{"rendered":"<p>La sex\u00f2loga Elena Crespi Asensio ens convida a viatjar a trav\u00e9s de la nostra sexualitat sense embuts, en confian\u00e7a i amb molta sororitat. Un viatge que posa la mirada al passat per entendre quines experi\u00e8ncies ens han marcat, que reflexiona sobre com vivim el sexe en el present i que ens fa prendre consci\u00e8ncia sobre com desitjar\u00edem, en realitat, gaudir-lo.<\/p>\n<p>Un llibre amb exercicis pr\u00e0ctics i d&#8217;autoconeixement, que pret\u00e9n trencar amb la manera com ens han educat i que vol posar en valor la riquesa de la sexualitat.<\/p>\n<!--themify_builder_content-->\n<div id=\"themify_builder_content-5284\" data-postid=\"5284\" class=\"themify_builder_content themify_builder_content-5284 themify_builder tf_clear\">\n    <\/div>\n<!--\/themify_builder_content-->\n","protected":false},"excerpt":{"rendered":"<p><strong>Un viatge per la teva sexualitat<br \/>\n<\/strong>Consells i eines per prendre consci\u00e8ncia de la pr\u00f2pia sexualitat i millorar-ne la viv\u00e8ncia.<\/p>\n<p>La sexualitat \u00e9s un proc\u00e9s d&#8217;aprenentatge continu, perqu\u00e8 el nostre cos canvia i, de retruc, tamb\u00e9 es transforma la manera com vivim el sexe. T&#8217;has preguntat mai com vols que sigui la teva sexualitat? Quines viv\u00e8ncies t&#8217;agradaria tenir?<\/p>\n","protected":false},"featured_media":5282,"template":"","meta":[],"product_cat":[204],"product_tag":[],"acf":[],"builder_content":"","_links":{"self":[{"href":"https:\/\/www.elenacrespi.com\/es\/wp-json\/wp\/v2\/product\/5284"}],"collection":[{"href":"https:\/\/www.elenacrespi.com\/es\/wp-json\/wp\/v2\/product"}],"about":[{"href":"https:\/\/www.elenacrespi.com\/es\/wp-json\/wp\/v2\/types\/product"}],"wp:featuredmedia":[{"embeddable":true,"href":"https:\/\/www.elenacrespi.com\/es\/wp-json\/wp\/v2\/media\/5282"}],"wp:attachment":[{"href":"https:\/\/www.elenacrespi.com\/es\/wp-json\/wp\/v2\/media?parent=5284"}],"wp:term":[{"taxonomy":"product_cat","embeddable":true,"href":"https:\/\/www.elenacrespi.com\/es\/wp-json\/wp\/v2\/product_cat?post=5284"},{"taxonomy":"product_tag","embeddable":true,"href":"https:\/\/www.elenacrespi.com\/es\/wp-json\/wp\/v2\/product_tag?post=5284"}],"curies":[{"name":"wp","href":"https:\/\/api.w.org\/{rel}","templated":true}]}}