{"id":5312,"date":"2025-02-01T09:00:23","date_gmt":"2025-02-01T08:00:23","guid":{"rendered":"https:\/\/www.elenacrespi.com\/producto\/i-ara-que-li-dic\/"},"modified":"2025-02-01T09:00:23","modified_gmt":"2025-02-01T08:00:23","slug":"i-ara-que-li-dic","status":"publish","type":"product","link":"https:\/\/www.elenacrespi.com\/es\/producto\/i-ara-que-li-dic\/","title":{"rendered":"I ara qu\u00e8 li dic?"},"content":{"rendered":"<p>En aquest llibre trobareu preguntes que la canalla poden fer-vos en algun moment (o que potser ja us han fet) i les respostes que recomanen Elena Crespi i S\u00edlvia Catal\u00e1n. Alguna resposta us pot sobtar\u2026 \u00c9s normal! La feina d\u2019aquestes dues sex\u00f2logues \u00e9s plantejar temes que poden incomodar-nos perqu\u00e8 reflexionem, q\u00fcestionem i aprenguem. I, sobretot, perqu\u00e8 puguem ajudar la nostra canalla a con\u00e8ixer m\u00e9s b\u00e9 el seu cos i la seva sexualitat, i a relacionar-se d\u2019una manera natural i sana.<\/p>\n<p>Llegiu-vos el llibre de cap a cap i no haureu de pensar mai m\u00e9s: I ara, qu\u00e8 li dic?<\/p>\n<!--themify_builder_content-->\n<div id=\"themify_builder_content-5312\" data-postid=\"5312\" class=\"themify_builder_content themify_builder_content-5312 themify_builder tf_clear\">\n    <\/div>\n<!--\/themify_builder_content-->\n","protected":false},"excerpt":{"rendered":"<p><strong>Respostes a preguntes inc\u00f2modes sobre sexualitat (que et poden agafar en calces)<br \/>\n<\/strong><\/p>\n<p>Per qu\u00e8 a les persones grans els agrada el sexe? El penis es pot trencar? Com s\u00e9 si soc homosexual? Qu\u00e8 faig si m\u2019envien una foto d\u2019una nena de classe despullada?<\/p>\n","protected":false},"featured_media":5306,"template":"","meta":[],"product_cat":[204],"product_tag":[],"acf":[],"builder_content":"","_links":{"self":[{"href":"https:\/\/www.elenacrespi.com\/es\/wp-json\/wp\/v2\/product\/5312"}],"collection":[{"href":"https:\/\/www.elenacrespi.com\/es\/wp-json\/wp\/v2\/product"}],"about":[{"href":"https:\/\/www.elenacrespi.com\/es\/wp-json\/wp\/v2\/types\/product"}],"wp:featuredmedia":[{"embeddable":true,"href":"https:\/\/www.elenacrespi.com\/es\/wp-json\/wp\/v2\/media\/5306"}],"wp:attachment":[{"href":"https:\/\/www.elenacrespi.com\/es\/wp-json\/wp\/v2\/media?parent=5312"}],"wp:term":[{"taxonomy":"product_cat","embeddable":true,"href":"https:\/\/www.elenacrespi.com\/es\/wp-json\/wp\/v2\/product_cat?post=5312"},{"taxonomy":"product_tag","embeddable":true,"href":"https:\/\/www.elenacrespi.com\/es\/wp-json\/wp\/v2\/product_tag?post=5312"}],"curies":[{"name":"wp","href":"https:\/\/api.w.org\/{rel}","templated":true}]}}