{"id":5313,"date":"2025-03-11T11:14:01","date_gmt":"2025-03-11T10:14:01","guid":{"rendered":"https:\/\/www.elenacrespi.com\/producto\/alimentar-la-bestia\/"},"modified":"2025-03-11T11:14:01","modified_gmt":"2025-03-11T10:14:01","slug":"alimentar-la-bestia","status":"publish","type":"product","link":"https:\/\/www.elenacrespi.com\/es\/producto\/alimentar-la-bestia\/","title":{"rendered":"Alimentar la b\u00e8stia"},"content":{"rendered":"<p>Elena Crespi explica, d&#8217;una manera clara i did\u00e0ctica, quins s\u00f3n els actors i els mecanismes que alimenten la b\u00e8stia de la pressi\u00f3 est\u00e8tica a la nostra societat.<\/p>\n<p>La lluita contra la grassof\u00f2bia i la viol\u00e8ncia est\u00e8tica no \u00e9s gens senzilla i \u00e9s que, malgrat tenir un clar biaix de g\u00e8nere, s\u00f3n problem\u00e0tiques que ens afecten transversalment com a societat i que cal abordar col\u00b7lectivament. En canvi, sovint s&#8217;enfoquen des d&#8217;una \u00f2ptica individual i culpabilitzadora, com si des d&#8217;edats molt primerenques no se&#8217;ns hagu\u00e9s exposat a un bombardeig constant d&#8217;imatges, discursos i imaginaris que ens dicten quins cossos s\u00f3n v\u00e0lids i quins no.<\/p>\n<p>Alimentar la b\u00e8stia ens ajuda a veure que no \u00e9s possible aconseguir la satisfacci\u00f3 total amb el propi cos, i com creure que hi ha una sortida individual a un problema que \u00e9s estructural nom\u00e9s ens porta a la infelicitat i al malestar en \u00e0mbits molt diversos de la nostra vida, des de la sexualitat fins a la salut f\u00edsica i mental. Al mateix temps, el llibre tamb\u00e9 \u00e9s una eina per aprendre a combatre tota aquesta viol\u00e8ncia que tenim interioritzada, acceptar-nos i abra\u00e7ar les diversitats corporals. En aquestes p\u00e0gines tamb\u00e9 trobareu, per tant, estrat\u00e8gies i propostes per ajudar-nos a viure millor amb el nostre cos, aix\u00ed com la voluntat d&#8217;estimular l&#8217;acci\u00f3 col\u00b7lectiva per avan\u00e7ar cap a un horitz\u00f3 d&#8217;alliberament.<\/p>\n<!--themify_builder_content-->\n<div id=\"themify_builder_content-5313\" data-postid=\"5313\" class=\"themify_builder_content themify_builder_content-5313 themify_builder tf_clear\">\n    <\/div>\n<!--\/themify_builder_content-->\n","protected":false},"excerpt":{"rendered":"<p><strong>Pressi\u00f3 est\u00e8tica i ordre patriarcal<\/strong><\/p>\n<p>Alimentar la b\u00e8stia ens ajuda a veure que no \u00e9s possible aconseguir la satisfacci\u00f3 total amb el propi cos, i com creure que hi ha una sortida individual a un problema que \u00e9s estructural nom\u00e9s ens porta a la infelicitat i al malestar en \u00e0mbits molt diversos de la nostra vida, des de la sexualitat fins a la salut f\u00edsica i mental.<\/p>\n","protected":false},"featured_media":5311,"template":"","meta":[],"product_cat":[204],"product_tag":[],"acf":[],"builder_content":"","_links":{"self":[{"href":"https:\/\/www.elenacrespi.com\/es\/wp-json\/wp\/v2\/product\/5313"}],"collection":[{"href":"https:\/\/www.elenacrespi.com\/es\/wp-json\/wp\/v2\/product"}],"about":[{"href":"https:\/\/www.elenacrespi.com\/es\/wp-json\/wp\/v2\/types\/product"}],"wp:featuredmedia":[{"embeddable":true,"href":"https:\/\/www.elenacrespi.com\/es\/wp-json\/wp\/v2\/media\/5311"}],"wp:attachment":[{"href":"https:\/\/www.elenacrespi.com\/es\/wp-json\/wp\/v2\/media?parent=5313"}],"wp:term":[{"taxonomy":"product_cat","embeddable":true,"href":"https:\/\/www.elenacrespi.com\/es\/wp-json\/wp\/v2\/product_cat?post=5313"},{"taxonomy":"product_tag","embeddable":true,"href":"https:\/\/www.elenacrespi.com\/es\/wp-json\/wp\/v2\/product_tag?post=5313"}],"curies":[{"name":"wp","href":"https:\/\/api.w.org\/{rel}","templated":true}]}}