{"id":5348,"date":"2025-07-28T12:57:08","date_gmt":"2025-07-28T10:57:08","guid":{"rendered":"https:\/\/www.elenacrespi.com\/producto\/hablemos-de-sexo-en-casa\/"},"modified":"2025-07-28T12:57:08","modified_gmt":"2025-07-28T10:57:08","slug":"hablemos-de-sexo-en-casa","status":"publish","type":"product","link":"https:\/\/www.elenacrespi.com\/es\/producto\/hablemos-de-sexo-en-casa\/","title":{"rendered":"Hablemos de sexo en casa"},"content":{"rendered":"<p>Elena Crespi, psic\u00f3loga y asesora en salud sexual, hace reflexionar sobre nuestras actitudes y habilidades psicol\u00f3gicas y sociales a la hora de gestionar el conocimiento de la sexualidad y tratar el tema con los hijos. Aqu\u00ed encontrar\u00e1 informaci\u00f3n sobre los aspectos m\u00e1s relevantes de la sexualidad infantil y adolescente y sobre aquellas cuestiones como la homosexualidad, embarazos no deseados, estereotipos de g\u00e9nero, etc\u00e9tera, que debemos aprender a abordar sin prejuicios, con naturalidad y, sobre todo, con mucho cari\u00f1o.<\/p>\n<!--themify_builder_content-->\n<div id=\"themify_builder_content-5348\" data-postid=\"5348\" class=\"themify_builder_content themify_builder_content-5348 themify_builder tf_clear\">\n    <\/div>\n<!--\/themify_builder_content-->\n","protected":false},"excerpt":{"rendered":"<p><strong>Gu\u00eda para una buena educaci\u00f3n sexual y afectiva<\/strong><\/p>\n<p>La educaci\u00f3n sexual y afectiva debe entenderse como una educaci\u00f3n para la vida. Por eso es tan importante que los adultos sepamos dar respuesta a la curiosidad, dudas e inquietudes de los ni\u00f1os y adolescentes que tenemos en casa.<\/p>\n","protected":false},"featured_media":5338,"template":"","meta":[],"product_cat":[204],"product_tag":[],"acf":[],"builder_content":"","_links":{"self":[{"href":"https:\/\/www.elenacrespi.com\/es\/wp-json\/wp\/v2\/product\/5348"}],"collection":[{"href":"https:\/\/www.elenacrespi.com\/es\/wp-json\/wp\/v2\/product"}],"about":[{"href":"https:\/\/www.elenacrespi.com\/es\/wp-json\/wp\/v2\/types\/product"}],"wp:featuredmedia":[{"embeddable":true,"href":"https:\/\/www.elenacrespi.com\/es\/wp-json\/wp\/v2\/media\/5338"}],"wp:attachment":[{"href":"https:\/\/www.elenacrespi.com\/es\/wp-json\/wp\/v2\/media?parent=5348"}],"wp:term":[{"taxonomy":"product_cat","embeddable":true,"href":"https:\/\/www.elenacrespi.com\/es\/wp-json\/wp\/v2\/product_cat?post=5348"},{"taxonomy":"product_tag","embeddable":true,"href":"https:\/\/www.elenacrespi.com\/es\/wp-json\/wp\/v2\/product_tag?post=5348"}],"curies":[{"name":"wp","href":"https:\/\/api.w.org\/{rel}","templated":true}]}}