{"id":5349,"date":"2025-09-01T00:00:44","date_gmt":"2025-08-31T22:00:44","guid":{"rendered":"https:\/\/www.elenacrespi.com\/?post_type=product&#038;p=5349"},"modified":"2025-09-01T00:07:12","modified_gmt":"2025-08-31T22:07:12","slug":"hola-regla","status":"publish","type":"product","link":"https:\/\/www.elenacrespi.com\/es\/producto\/hola-regla\/","title":{"rendered":"\u00a1Hola, regla!"},"content":{"rendered":"<p>Seguro que alguna vez te has preguntado qu\u00e9 es la regla, si va a doler, c\u00f3mo funciona el ciclo menstrual, por qu\u00e9 algunos d\u00edas parece que todo se te hace cuesta arriba o incluso qu\u00e9 otros cambios llegan con la pubertad\u2026 En este libro encontrar\u00e1s\u00a0<b>todo lo que necesitas saber<\/b>\u00a0y\u00a0<b>las herramientas<\/b>\u00a0para enfrentarte a la monta\u00f1a rusa de esta nueva etapa, abrazando los cambios que vengan.<\/p>\n<p>\u00a1Aprende todo lo que necesitas saber sobre educaci\u00f3n menstrual para decirle \u201chola\u201d a la regla!<\/p>\n<p><u><b>\u00bfQu\u00e9 encontrar\u00e1s en este libro?<\/b><\/u><\/p>\n<p><b>Informaci\u00f3n<\/b>\u00a0<b>actualizada<\/b><b>\u00a0e inclusiva<\/b>\u00a0sobre la menstruaci\u00f3n de forma sencilla y pr\u00e1ctica para\u00a0<b>ni\u00f1as y ni\u00f1os a partir de 9 a\u00f1os<\/b>.<\/p>\n<p><b>Con actividades\u00a0<\/b>para que, adem\u00e1s de aprender, empiecen a conocer c\u00f3mo funcionan su cuerpo y su ciclo<b>.<\/b><\/p>\n<p><b>Ilustraciones<\/b>\u00a0<b>atractivas<\/b>\u00a0y explicativas para familiarizarte con tu cuerpo.<\/p>\n<!--themify_builder_content-->\n<div id=\"themify_builder_content-5349\" data-postid=\"5349\" class=\"themify_builder_content themify_builder_content-5349 themify_builder tf_clear\">\n    <\/div>\n<!--\/themify_builder_content-->\n","protected":false},"excerpt":{"rendered":"<p><strong>Sin pelos en la lengua: descubre tu cuerpo, tu ciclo y la pubertad<\/strong><\/p>\n<p>Durante la pubertad, el cuerpo experimenta muchos cambios, entre ellos, \u00a1la regla! \u00a1Aprende todo lo que necesitas saber sobre educaci\u00f3n menstrual para decirle \u201chola\u201d a la regla!<\/p>\n","protected":false},"featured_media":5344,"template":"","meta":[],"product_cat":[204],"product_tag":[],"acf":[],"builder_content":"","_links":{"self":[{"href":"https:\/\/www.elenacrespi.com\/es\/wp-json\/wp\/v2\/product\/5349"}],"collection":[{"href":"https:\/\/www.elenacrespi.com\/es\/wp-json\/wp\/v2\/product"}],"about":[{"href":"https:\/\/www.elenacrespi.com\/es\/wp-json\/wp\/v2\/types\/product"}],"wp:featuredmedia":[{"embeddable":true,"href":"https:\/\/www.elenacrespi.com\/es\/wp-json\/wp\/v2\/media\/5344"}],"wp:attachment":[{"href":"https:\/\/www.elenacrespi.com\/es\/wp-json\/wp\/v2\/media?parent=5349"}],"wp:term":[{"taxonomy":"product_cat","embeddable":true,"href":"https:\/\/www.elenacrespi.com\/es\/wp-json\/wp\/v2\/product_cat?post=5349"},{"taxonomy":"product_tag","embeddable":true,"href":"https:\/\/www.elenacrespi.com\/es\/wp-json\/wp\/v2\/product_tag?post=5349"}],"curies":[{"name":"wp","href":"https:\/\/api.w.org\/{rel}","templated":true}]}}