{"id":5350,"date":"2025-10-01T00:00:36","date_gmt":"2025-09-30T22:00:36","guid":{"rendered":"https:\/\/www.elenacrespi.com\/?post_type=product&#038;p=5350"},"modified":"2026-04-27T11:46:08","modified_gmt":"2026-04-27T09:46:08","slug":"luan-no-quiere-dar-abrazos","status":"publish","type":"product","link":"https:\/\/www.elenacrespi.com\/es\/producto\/luan-no-quiere-dar-abrazos\/","title":{"rendered":"Luan no quiere dar abrazos"},"content":{"rendered":"<p>En este cuento,\u00a0<b>Elena Crespi nos trae una historia tierna y sensible con la que muchos peque\u00f1os (y no tan peque\u00f1os) se sentir\u00e1n identificados<\/b>. De la mano de Luan, nuestros peques aprender\u00e1n a\u00a0<b>escuchar su cuerpo y expresar c\u00f3mo se sienten<\/b>.<\/p>\n<p><b><u>\u00bfQu\u00e9 encontrar\u00e1s en este libro?<\/u><\/b><\/p>\n<p>*Una historia tierna con la que los m\u00e1s peque\u00f1os se pueden sentir identificados.<\/p>\n<p>*<b>Herramientas clave<\/b>\u00a0para aprender a\u00a0<b>identificar las emociones<\/b>\u00a0y\u00a0<b>prevenir el abuso infantil.<\/b><\/p>\n<p>*Una\u00a0<b>gu\u00eda pr\u00e1ctica para padres<\/b>\u00a0con consejos para abordar conversaciones importantes con empat\u00eda.<\/p>\n<p>*Las\u00a0<b>brillantes y coloridas ilustraciones<\/b>\u00a0de Mel Zohar.<\/p>\n<!--themify_builder_content-->\n<div id=\"themify_builder_content-5350\" data-postid=\"5350\" class=\"themify_builder_content themify_builder_content-5350 themify_builder tf_clear\">\n    <\/div>\n<!--\/themify_builder_content-->\n","protected":false},"excerpt":{"rendered":"<p><b>Un cuento de la psic\u00f3loga Elena Crespi para aprender a escuchar nuestro cuerpo y expresar lo que sentimos.<\/b><\/p>\n<p>A Luan no le gusta que su abuela le pellizque las mejillas ni jugar en el tobog\u00e1n solo porque lo dice su amigo V\u00edctor. Pero, cuando no le salen las palabras y los dem\u00e1s no la escuchan, Luan se frustra \u00a1y no sabe qu\u00e9 hacer!<\/p>\n","protected":false},"featured_media":5347,"template":"","meta":[],"product_cat":[204],"product_tag":[],"acf":[],"builder_content":"","_links":{"self":[{"href":"https:\/\/www.elenacrespi.com\/es\/wp-json\/wp\/v2\/product\/5350"}],"collection":[{"href":"https:\/\/www.elenacrespi.com\/es\/wp-json\/wp\/v2\/product"}],"about":[{"href":"https:\/\/www.elenacrespi.com\/es\/wp-json\/wp\/v2\/types\/product"}],"wp:featuredmedia":[{"embeddable":true,"href":"https:\/\/www.elenacrespi.com\/es\/wp-json\/wp\/v2\/media\/5347"}],"wp:attachment":[{"href":"https:\/\/www.elenacrespi.com\/es\/wp-json\/wp\/v2\/media?parent=5350"}],"wp:term":[{"taxonomy":"product_cat","embeddable":true,"href":"https:\/\/www.elenacrespi.com\/es\/wp-json\/wp\/v2\/product_cat?post=5350"},{"taxonomy":"product_tag","embeddable":true,"href":"https:\/\/www.elenacrespi.com\/es\/wp-json\/wp\/v2\/product_tag?post=5350"}],"curies":[{"name":"wp","href":"https:\/\/api.w.org\/{rel}","templated":true}]}}