{"id":5494,"date":"2026-03-09T09:00:05","date_gmt":"2026-03-09T08:00:05","guid":{"rendered":"https:\/\/www.elenacrespi.com\/?post_type=product&#038;p=5494"},"modified":"2026-04-27T11:48:21","modified_gmt":"2026-04-27T09:48:21","slug":"el-negocio-de-los-bebes","status":"publish","type":"product","link":"https:\/\/www.elenacrespi.com\/es\/producto\/el-negocio-de-los-bebes\/","title":{"rendered":"El negocio de los beb\u00e9s"},"content":{"rendered":"<p>Comprar a otro ser humano no deber\u00eda ser posible. Pese a ello, la gestaci\u00f3n subrogada se ha convertido en una pr\u00e1ctica en expansi\u00f3n que permite la compra de personas y vulnera los derechos humanos en todo el mundo. Indagando en empresas, granjas de madres, consecuencias f\u00edsicas y psicol\u00f3gicas para beb\u00e9s y madres gestantes, contratos, malas praxis y mafias, Elena Crespi Asensio elabora un mapa completo de c\u00f3mo se est\u00e1 configurando la explotaci\u00f3n reproductiva e invita a la reflexi\u00f3n para buscar posibles salidas.<\/p>\n<p>En este texto, Crespi investiga a qui\u00e9n beneficia y c\u00f3mo afecta a las partes implicadas un negocio que, encontrando su l\u00f3gica en el capitalismo m\u00e1s salvaje y confundiendo deseos con derechos, explota los cuerpos de las mujeres y convierte a los beb\u00e9s en mercanc\u00edas. De fondo, resuena la pregunta m\u00e1s inquietante: \u00bfse puede comprar todo?<\/p>\n<!--themify_builder_content-->\n<div id=\"themify_builder_content-5494\" data-postid=\"5494\" class=\"themify_builder_content themify_builder_content-5494 themify_builder tf_clear\">\n    <\/div>\n<!--\/themify_builder_content-->\n","protected":false},"excerpt":{"rendered":"<p><strong>La gestaci\u00f3n subrogada<\/strong><\/p>\n<p>\u00bfDeber\u00eda ser posible comprar a un ser humano?<\/p>\n<p>Elena Crespi Asensio elabora un mapa completo de c\u00f3mo se est\u00e1 configurando la explotaci\u00f3n reproductiva e invita a la reflexi\u00f3n para buscar posibles salidas.<\/p>\n","protected":false},"featured_media":5493,"template":"","meta":[],"product_cat":[204],"product_tag":[],"acf":[],"builder_content":"","_links":{"self":[{"href":"https:\/\/www.elenacrespi.com\/es\/wp-json\/wp\/v2\/product\/5494"}],"collection":[{"href":"https:\/\/www.elenacrespi.com\/es\/wp-json\/wp\/v2\/product"}],"about":[{"href":"https:\/\/www.elenacrespi.com\/es\/wp-json\/wp\/v2\/types\/product"}],"wp:featuredmedia":[{"embeddable":true,"href":"https:\/\/www.elenacrespi.com\/es\/wp-json\/wp\/v2\/media\/5493"}],"wp:attachment":[{"href":"https:\/\/www.elenacrespi.com\/es\/wp-json\/wp\/v2\/media?parent=5494"}],"wp:term":[{"taxonomy":"product_cat","embeddable":true,"href":"https:\/\/www.elenacrespi.com\/es\/wp-json\/wp\/v2\/product_cat?post=5494"},{"taxonomy":"product_tag","embeddable":true,"href":"https:\/\/www.elenacrespi.com\/es\/wp-json\/wp\/v2\/product_tag?post=5494"}],"curies":[{"name":"wp","href":"https:\/\/api.w.org\/{rel}","templated":true}]}}