{"id":5507,"date":"2026-04-27T11:27:17","date_gmt":"2026-04-27T09:27:17","guid":{"rendered":"https:\/\/www.elenacrespi.com\/producto\/alimentar-a-la-bestia\/"},"modified":"2026-04-27T11:52:16","modified_gmt":"2026-04-27T09:52:16","slug":"alimentar-a-la-bestia","status":"publish","type":"product","link":"https:\/\/www.elenacrespi.com\/es\/producto\/alimentar-a-la-bestia\/","title":{"rendered":"Alimentar a la bestia"},"content":{"rendered":"<p>La gordofobia y la violencia est\u00e9tica atraviesan nuestras vidas mucho m\u00e1s de lo que creemos. Aunque tienen un claro sesgo de g\u00e9nero, afectan al conjunto de la sociedad y se sostienen sobre un sistema que nos ense\u00f1a, desde muy pronto, qu\u00e9 cuerpos merecen ser vistos, deseados y aceptados.<\/p>\n<p><em>Alimentar a la bestia<\/em>\u00a0es una invitaci\u00f3n a mirar de frente ese malestar y entender que no hay soluciones individuales para un problema estructural. Un libro l\u00facido y necesario que nos ayuda a identificar la violencia que hemos interiorizado, cuestionar los mandatos sobre el cuerpo y abrir camino hacia la aceptaci\u00f3n, la diversidad corporal y la transformaci\u00f3n colectiva.<\/p>\n<!--themify_builder_content-->\n<div id=\"themify_builder_content-5507\" data-postid=\"5507\" class=\"themify_builder_content themify_builder_content-5507 themify_builder tf_clear\">\n    <\/div>\n<!--\/themify_builder_content-->\n","protected":false},"excerpt":{"rendered":"<p class=\"o-heading-content-subtitle\"><strong>Presi\u00f3n est\u00e9tica y orden patriarcal<\/strong><\/p>\n<p>La gordofobia y la violencia est\u00e9tica atraviesan nuestras vidas mucho m\u00e1s de lo que creemos. Aunque tienen un claro sesgo de g\u00e9nero, afectan al conjunto de la sociedad y se sostienen sobre un sistema que nos ense\u00f1a, desde muy pronto, qu\u00e9 cuerpos merecen ser vistos, deseados y aceptados.<\/p>\n","protected":false},"featured_media":5506,"template":"","meta":[],"product_cat":[204],"product_tag":[],"acf":[],"builder_content":"","_links":{"self":[{"href":"https:\/\/www.elenacrespi.com\/es\/wp-json\/wp\/v2\/product\/5507"}],"collection":[{"href":"https:\/\/www.elenacrespi.com\/es\/wp-json\/wp\/v2\/product"}],"about":[{"href":"https:\/\/www.elenacrespi.com\/es\/wp-json\/wp\/v2\/types\/product"}],"wp:featuredmedia":[{"embeddable":true,"href":"https:\/\/www.elenacrespi.com\/es\/wp-json\/wp\/v2\/media\/5506"}],"wp:attachment":[{"href":"https:\/\/www.elenacrespi.com\/es\/wp-json\/wp\/v2\/media?parent=5507"}],"wp:term":[{"taxonomy":"product_cat","embeddable":true,"href":"https:\/\/www.elenacrespi.com\/es\/wp-json\/wp\/v2\/product_cat?post=5507"},{"taxonomy":"product_tag","embeddable":true,"href":"https:\/\/www.elenacrespi.com\/es\/wp-json\/wp\/v2\/product_tag?post=5507"}],"curies":[{"name":"wp","href":"https:\/\/api.w.org\/{rel}","templated":true}]}}